{"id":1068,"date":"2026-03-16T07:37:46","date_gmt":"2026-03-16T07:37:46","guid":{"rendered":"https:\/\/purehivehoney.com\/de\/product\/bienenschaetze-honig-pollen-propolis-co-rezepte-anleitungen-tipps-rezepte-anleitungen-tipps-fuer-pflegendes-heilendes-kulinarisches-und-kreatives\/"},"modified":"2026-03-16T07:37:56","modified_gmt":"2026-03-16T07:37:56","slug":"bienenschaetze-honig-pollen-propolis-co-rezepte-anleitungen-tipps-rezepte-anleitungen-tipps-fuer-pflegendes-heilendes-kulinarisches-und-kreatives","status":"publish","type":"product","link":"https:\/\/purehivehoney.com\/de\/product\/bienenschaetze-honig-pollen-propolis-co-rezepte-anleitungen-tipps-rezepte-anleitungen-tipps-fuer-pflegendes-heilendes-kulinarisches-und-kreatives\/","title":{"rendered":"Bienensch\u00e4tze \u2013 Honig, Pollen, P..."},"content":{"rendered":"<p>  Erfahren Sie, wie Sie mit nur wenigen gezielten Ver\u00e4nderungen bei Ihrem t\u00e4glichen Einkauf das Leben der Biene besser machen \u2013 und damit auch unseres! Das Kaufverhalten von jedem Einzelnen kann dazu beitragen, bessere Voraussetzungen f\u00fcr eine gesunde Insektenvielfalt zu schaffen, f\u00fcr eine nat\u00fcrlichere Landwirtschaft, eine ges\u00fcndere Natur. In diesem Buch erfahren Sie mehr \u00fcber die Zusammenh\u00e4nge von Mensch und Biene. Sie lernen Bienenprodukte in all ihrer Vielfalt kennen und k\u00f6nnen nachlesen, welche herrlichen Dinge man aus diesen Produkten zaubern kann! Leckere Rezepte, Anleitungen f\u00fcr pflegende und heilsame Cremes und Tinkturen, kreative Bastelideen, wie etwa Bienenwachst\u00fccher, Kerzen und vieles mehr \u2013 viel Wissenswertes, kombiniert mit tollen praktischen Anwendungsm\u00f6glichkeiten!    <br \/>Publisher                                            \u200f                                            :                                            \u200e                                                        Bayerland Verlag im Battenberg Gietl Verlag       <br \/> Publication date                                            \u200f                                            :                                            \u200e                                                        25 Mar. 2024       <br \/> Edition                                            \u200f                                            :                                            \u200e                                                        1st, edition 2024       <br \/> Language                                            \u200f                                            :                                            \u200e                                            German   <br \/> Print length                                            \u200f                                            :                                            \u200e                                                        160 pages       <br \/> ISBN-10                                            \u200f                                            :                                            \u200e                                                        3892515468       <br \/> ISBN-13                                            \u200f                                            :                                            \u200e                                                        978-3892515463       <br \/> Dimensions                                            \u200f                                            :                                            \u200e                                                        13.5 x 1.6 x 20.6 cm       <br \/>       Best Sellers Rank:  485,555 in Books (See Top 100 in Books)    564 in Food &#038; Drinks Gift Books   1,281 in Nature &#038; Plants Gift Books   1,625 in Gift Books for Animal Lovers      <br \/>  Customer reviews:                                                                                            4.5               4.5 out of 5 stars                                  (7)                                              var dpAcrHasRegisteredArcLinkClickAction;                    P.when(&#8218;A&#8216;, &#8218;ready&#8216;).execute(function(A) {                        if (dpAcrHasRegisteredArcLinkClickAction !== true) {                            dpAcrHasRegisteredArcLinkClickAction = true;                            A.declarative(                                &#8218;acrLink-click-metrics&#8216;, &#8218;click&#8216;,                                { &#8222;allowLinkDefault&#8220;: true },                                function (event) {                                    if (window.ue) {                                        ue.count(&#8222;acrLinkClickCount&#8220;, (ue.count(&#8222;acrLinkClickCount&#8220;) || 0) + 1);                                    }                                }                            );                        }                    });                                             P.when(&#8218;A&#8216;, &#8218;cf&#8216;).execute(function(A) {                A.declarative(&#8218;acrStarsLink-click-metrics&#8216;, &#8218;click&#8216;, { &#8222;allowLinkDefault&#8220; : true },  function(event){                    if(window.ue) {                        ue.count(&#8222;acrStarsLinkWithPopoverClickCount&#8220;, (ue.count(&#8222;acrStarsLinkWithPopoverClickCount&#8220;) || 0) + 1);                    }                });            });                          <br \/><\/p>\n","protected":false},"excerpt":{"rendered":"<p>Erfahren Sie, wie Sie mit nur wenigen gezielten Ver\u00e4nderungen bei Ihrem t\u00e4glichen Einkauf das Leben der Biene besser machen \u2013 und damit auch unseres! Das Kaufverhalten von jedem Einzelnen kann dazu beitragen, bessere Voraussetzungen f\u00fcr eine gesunde Insektenvielfalt zu schaffen, f\u00fcr eine nat\u00fcrlichere Landwirtschaft, eine ges\u00fcndere Natur. In diesem Buch erfahren Sie mehr \u00fcber die [&hellip;]<\/p>\n","protected":false},"featured_media":1069,"comment_status":"open","ping_status":"closed","template":"","meta":{"_aipt_faq_data":""},"store":[],"product_brand":[],"product_cat":[60],"product_tag":[143],"class_list":{"0":"post-1068","1":"product","2":"type-product","3":"status-publish","4":"has-post-thumbnail","6":"product_cat-honig-fur-das-immunsystem","7":"product_tag-natuerlicher-honig-fuer-das-immunsystem","9":"first","10":"instock","11":"shipping-taxable","12":"product-type-external"},"yoast_head":"<!-- This site is optimized with the Yoast SEO plugin v27.4 - https:\/\/yoast.com\/product\/yoast-seo-wordpress\/ -->\n<title>Bienensch\u00e4tze \u2013 Honig, Pollen, Propolis &amp; Co.: Rezepte, Anleitungen &amp; Tipps: Rezepte, Anleitungen &amp; Tipps f\u00fcr Pflegendes, Heilendes, Kulinarisches und Kreatives - PureHiveHoney<\/title>\n<meta name=\"description\" content=\"Entdecken Sie hochwertigen Rohhonig, Bio Honig, Manuka Honig und nat\u00fcrliche Bienenprodukte. PureHiveHoney hilft Ihnen dabei, sorgf\u00e4ltig ausgew\u00e4hlte Honigsorten mit nat\u00fcrlicher Qualit\u00e4t und Reinheit zu entdecken.\" \/>\n<meta name=\"robots\" content=\"index, follow, max-snippet:-1, max-image-preview:large, max-video-preview:-1\" \/>\n<link rel=\"canonical\" href=\"https:\/\/purehivehoney.com\/de\/product\/bienenschaetze-honig-pollen-propolis-co-rezepte-anleitungen-tipps-rezepte-anleitungen-tipps-fuer-pflegendes-heilendes-kulinarisches-und-kreatives\/\" \/>\n<meta property=\"og:locale\" content=\"de_DE\" \/>\n<meta property=\"og:type\" content=\"article\" \/>\n<meta property=\"og:title\" content=\"Bienensch\u00e4tze \u2013 Honig, Pollen, Propolis &amp; Co.: Rezepte, Anleitungen &amp; Tipps: Rezepte, Anleitungen &amp; Tipps f\u00fcr Pflegendes, Heilendes, Kulinarisches und Kreatives - PureHiveHoney\" \/>\n<meta property=\"og:description\" content=\"Entdecken Sie hochwertigen Rohhonig, Bio Honig, Manuka Honig und nat\u00fcrliche Bienenprodukte. PureHiveHoney hilft Ihnen dabei, sorgf\u00e4ltig ausgew\u00e4hlte Honigsorten mit nat\u00fcrlicher Qualit\u00e4t und Reinheit zu entdecken.\" \/>\n<meta property=\"og:url\" content=\"https:\/\/purehivehoney.com\/de\/product\/bienenschaetze-honig-pollen-propolis-co-rezepte-anleitungen-tipps-rezepte-anleitungen-tipps-fuer-pflegendes-heilendes-kulinarisches-und-kreatives\/\" \/>\n<meta property=\"og:site_name\" content=\"PureHiveHoney\" \/>\n<meta property=\"article:modified_time\" content=\"2026-03-16T07:37:56+00:00\" \/>\n<meta name=\"twitter:card\" content=\"summary_large_image\" \/>\n<meta name=\"twitter:label1\" content=\"Gesch\u00e4tzte Lesezeit\" \/>\n\t<meta name=\"twitter:data1\" content=\"1\u00a0Minute\" \/>\n<script type=\"application\/ld+json\" class=\"yoast-schema-graph\">{\"@context\":\"https:\\\/\\\/schema.org\",\"@graph\":[{\"@type\":\"WebPage\",\"@id\":\"https:\\\/\\\/purehivehoney.com\\\/de\\\/product\\\/bienenschaetze-honig-pollen-propolis-co-rezepte-anleitungen-tipps-rezepte-anleitungen-tipps-fuer-pflegendes-heilendes-kulinarisches-und-kreatives\\\/\",\"url\":\"https:\\\/\\\/purehivehoney.com\\\/de\\\/product\\\/bienenschaetze-honig-pollen-propolis-co-rezepte-anleitungen-tipps-rezepte-anleitungen-tipps-fuer-pflegendes-heilendes-kulinarisches-und-kreatives\\\/\",\"name\":\"Bienensch\u00e4tze \u2013 Honig, Pollen, Propolis & Co.: Rezepte, Anleitungen & Tipps: Rezepte, Anleitungen & Tipps f\u00fcr Pflegendes, Heilendes, Kulinarisches und Kreatives - PureHiveHoney\",\"isPartOf\":{\"@id\":\"https:\\\/\\\/purehivehoney.com\\\/de\\\/#website\"},\"primaryImageOfPage\":{\"@id\":\"https:\\\/\\\/purehivehoney.com\\\/de\\\/product\\\/bienenschaetze-honig-pollen-propolis-co-rezepte-anleitungen-tipps-rezepte-anleitungen-tipps-fuer-pflegendes-heilendes-kulinarisches-und-kreatives\\\/#primaryimage\"},\"image\":{\"@id\":\"https:\\\/\\\/purehivehoney.com\\\/de\\\/product\\\/bienenschaetze-honig-pollen-propolis-co-rezepte-anleitungen-tipps-rezepte-anleitungen-tipps-fuer-pflegendes-heilendes-kulinarisches-und-kreatives\\\/#primaryimage\"},\"thumbnailUrl\":\"https:\\\/\\\/purehivehoney.com\\\/de\\\/wp-content\\\/uploads\\\/2026\\\/03\\\/61pqbDodpmL._SL1000_.jpg\",\"datePublished\":\"2026-03-16T07:37:46+00:00\",\"dateModified\":\"2026-03-16T07:37:56+00:00\",\"description\":\"Entdecken Sie hochwertigen Rohhonig, Bio Honig, Manuka Honig und nat\u00fcrliche Bienenprodukte. PureHiveHoney hilft Ihnen dabei, sorgf\u00e4ltig ausgew\u00e4hlte Honigsorten mit nat\u00fcrlicher Qualit\u00e4t und Reinheit zu entdecken.\",\"breadcrumb\":{\"@id\":\"https:\\\/\\\/purehivehoney.com\\\/de\\\/product\\\/bienenschaetze-honig-pollen-propolis-co-rezepte-anleitungen-tipps-rezepte-anleitungen-tipps-fuer-pflegendes-heilendes-kulinarisches-und-kreatives\\\/#breadcrumb\"},\"inLanguage\":\"de\",\"potentialAction\":[{\"@type\":\"ReadAction\",\"target\":[\"https:\\\/\\\/purehivehoney.com\\\/de\\\/product\\\/bienenschaetze-honig-pollen-propolis-co-rezepte-anleitungen-tipps-rezepte-anleitungen-tipps-fuer-pflegendes-heilendes-kulinarisches-und-kreatives\\\/\"]}]},{\"@type\":\"ImageObject\",\"inLanguage\":\"de\",\"@id\":\"https:\\\/\\\/purehivehoney.com\\\/de\\\/product\\\/bienenschaetze-honig-pollen-propolis-co-rezepte-anleitungen-tipps-rezepte-anleitungen-tipps-fuer-pflegendes-heilendes-kulinarisches-und-kreatives\\\/#primaryimage\",\"url\":\"https:\\\/\\\/purehivehoney.com\\\/de\\\/wp-content\\\/uploads\\\/2026\\\/03\\\/61pqbDodpmL._SL1000_.jpg\",\"contentUrl\":\"https:\\\/\\\/purehivehoney.com\\\/de\\\/wp-content\\\/uploads\\\/2026\\\/03\\\/61pqbDodpmL._SL1000_.jpg\",\"width\":667,\"height\":1000},{\"@type\":\"BreadcrumbList\",\"@id\":\"https:\\\/\\\/purehivehoney.com\\\/de\\\/product\\\/bienenschaetze-honig-pollen-propolis-co-rezepte-anleitungen-tipps-rezepte-anleitungen-tipps-fuer-pflegendes-heilendes-kulinarisches-und-kreatives\\\/#breadcrumb\",\"itemListElement\":[{\"@type\":\"ListItem\",\"position\":1,\"name\":\"Home\",\"item\":\"https:\\\/\\\/purehivehoney.com\\\/de\\\/\"},{\"@type\":\"ListItem\",\"position\":2,\"name\":\"Shop\",\"item\":\"https:\\\/\\\/purehivehoney.com\\\/de\\\/shop\\\/\"},{\"@type\":\"ListItem\",\"position\":3,\"name\":\"Bienensch\u00e4tze \u2013 Honig, Pollen, P...\"}]},{\"@type\":\"WebSite\",\"@id\":\"https:\\\/\\\/purehivehoney.com\\\/de\\\/#website\",\"url\":\"https:\\\/\\\/purehivehoney.com\\\/de\\\/\",\"name\":\"PureHiveHoney\",\"description\":\"Reiner Honig &amp; Bienenprodukte Online | Rohhonig, Bio Honig &amp; Spezialhonig\",\"publisher\":{\"@id\":\"https:\\\/\\\/purehivehoney.com\\\/de\\\/#organization\"},\"potentialAction\":[{\"@type\":\"SearchAction\",\"target\":{\"@type\":\"EntryPoint\",\"urlTemplate\":\"https:\\\/\\\/purehivehoney.com\\\/de\\\/?s={search_term_string}\"},\"query-input\":{\"@type\":\"PropertyValueSpecification\",\"valueRequired\":true,\"valueName\":\"search_term_string\"}}],\"inLanguage\":\"de\"},{\"@type\":\"Organization\",\"@id\":\"https:\\\/\\\/purehivehoney.com\\\/de\\\/#organization\",\"name\":\"PureHiveHoney\",\"url\":\"https:\\\/\\\/purehivehoney.com\\\/de\\\/\",\"logo\":{\"@type\":\"ImageObject\",\"inLanguage\":\"de\",\"@id\":\"https:\\\/\\\/purehivehoney.com\\\/de\\\/#\\\/schema\\\/logo\\\/image\\\/\",\"url\":\"https:\\\/\\\/purehivehoney.com\\\/de\\\/wp-content\\\/uploads\\\/2026\\\/03\\\/Screenshot-2026-03-16-at-1.06.01-AM.png\",\"contentUrl\":\"https:\\\/\\\/purehivehoney.com\\\/de\\\/wp-content\\\/uploads\\\/2026\\\/03\\\/Screenshot-2026-03-16-at-1.06.01-AM.png\",\"width\":2112,\"height\":1086,\"caption\":\"PureHiveHoney\"},\"image\":{\"@id\":\"https:\\\/\\\/purehivehoney.com\\\/de\\\/#\\\/schema\\\/logo\\\/image\\\/\"}}]}<\/script>\n<!-- \/ Yoast SEO plugin. -->","yoast_head_json":{"title":"Bienensch\u00e4tze \u2013 Honig, Pollen, Propolis & Co.: Rezepte, Anleitungen & Tipps: Rezepte, Anleitungen & Tipps f\u00fcr Pflegendes, Heilendes, Kulinarisches und Kreatives - PureHiveHoney","description":"Entdecken Sie hochwertigen Rohhonig, Bio Honig, Manuka Honig und nat\u00fcrliche Bienenprodukte. PureHiveHoney hilft Ihnen dabei, sorgf\u00e4ltig ausgew\u00e4hlte Honigsorten mit nat\u00fcrlicher Qualit\u00e4t und Reinheit zu entdecken.","robots":{"index":"index","follow":"follow","max-snippet":"max-snippet:-1","max-image-preview":"max-image-preview:large","max-video-preview":"max-video-preview:-1"},"canonical":"https:\/\/purehivehoney.com\/de\/product\/bienenschaetze-honig-pollen-propolis-co-rezepte-anleitungen-tipps-rezepte-anleitungen-tipps-fuer-pflegendes-heilendes-kulinarisches-und-kreatives\/","og_locale":"de_DE","og_type":"article","og_title":"Bienensch\u00e4tze \u2013 Honig, Pollen, Propolis & Co.: Rezepte, Anleitungen & Tipps: Rezepte, Anleitungen & Tipps f\u00fcr Pflegendes, Heilendes, Kulinarisches und Kreatives - PureHiveHoney","og_description":"Entdecken Sie hochwertigen Rohhonig, Bio Honig, Manuka Honig und nat\u00fcrliche Bienenprodukte. PureHiveHoney hilft Ihnen dabei, sorgf\u00e4ltig ausgew\u00e4hlte Honigsorten mit nat\u00fcrlicher Qualit\u00e4t und Reinheit zu entdecken.","og_url":"https:\/\/purehivehoney.com\/de\/product\/bienenschaetze-honig-pollen-propolis-co-rezepte-anleitungen-tipps-rezepte-anleitungen-tipps-fuer-pflegendes-heilendes-kulinarisches-und-kreatives\/","og_site_name":"PureHiveHoney","article_modified_time":"2026-03-16T07:37:56+00:00","twitter_card":"summary_large_image","twitter_misc":{"Gesch\u00e4tzte Lesezeit":"1\u00a0Minute"},"schema":{"@context":"https:\/\/schema.org","@graph":[{"@type":"WebPage","@id":"https:\/\/purehivehoney.com\/de\/product\/bienenschaetze-honig-pollen-propolis-co-rezepte-anleitungen-tipps-rezepte-anleitungen-tipps-fuer-pflegendes-heilendes-kulinarisches-und-kreatives\/","url":"https:\/\/purehivehoney.com\/de\/product\/bienenschaetze-honig-pollen-propolis-co-rezepte-anleitungen-tipps-rezepte-anleitungen-tipps-fuer-pflegendes-heilendes-kulinarisches-und-kreatives\/","name":"Bienensch\u00e4tze \u2013 Honig, Pollen, Propolis & Co.: Rezepte, Anleitungen & Tipps: Rezepte, Anleitungen & Tipps f\u00fcr Pflegendes, Heilendes, Kulinarisches und Kreatives - PureHiveHoney","isPartOf":{"@id":"https:\/\/purehivehoney.com\/de\/#website"},"primaryImageOfPage":{"@id":"https:\/\/purehivehoney.com\/de\/product\/bienenschaetze-honig-pollen-propolis-co-rezepte-anleitungen-tipps-rezepte-anleitungen-tipps-fuer-pflegendes-heilendes-kulinarisches-und-kreatives\/#primaryimage"},"image":{"@id":"https:\/\/purehivehoney.com\/de\/product\/bienenschaetze-honig-pollen-propolis-co-rezepte-anleitungen-tipps-rezepte-anleitungen-tipps-fuer-pflegendes-heilendes-kulinarisches-und-kreatives\/#primaryimage"},"thumbnailUrl":"https:\/\/purehivehoney.com\/de\/wp-content\/uploads\/2026\/03\/61pqbDodpmL._SL1000_.jpg","datePublished":"2026-03-16T07:37:46+00:00","dateModified":"2026-03-16T07:37:56+00:00","description":"Entdecken Sie hochwertigen Rohhonig, Bio Honig, Manuka Honig und nat\u00fcrliche Bienenprodukte. PureHiveHoney hilft Ihnen dabei, sorgf\u00e4ltig ausgew\u00e4hlte Honigsorten mit nat\u00fcrlicher Qualit\u00e4t und Reinheit zu entdecken.","breadcrumb":{"@id":"https:\/\/purehivehoney.com\/de\/product\/bienenschaetze-honig-pollen-propolis-co-rezepte-anleitungen-tipps-rezepte-anleitungen-tipps-fuer-pflegendes-heilendes-kulinarisches-und-kreatives\/#breadcrumb"},"inLanguage":"de","potentialAction":[{"@type":"ReadAction","target":["https:\/\/purehivehoney.com\/de\/product\/bienenschaetze-honig-pollen-propolis-co-rezepte-anleitungen-tipps-rezepte-anleitungen-tipps-fuer-pflegendes-heilendes-kulinarisches-und-kreatives\/"]}]},{"@type":"ImageObject","inLanguage":"de","@id":"https:\/\/purehivehoney.com\/de\/product\/bienenschaetze-honig-pollen-propolis-co-rezepte-anleitungen-tipps-rezepte-anleitungen-tipps-fuer-pflegendes-heilendes-kulinarisches-und-kreatives\/#primaryimage","url":"https:\/\/purehivehoney.com\/de\/wp-content\/uploads\/2026\/03\/61pqbDodpmL._SL1000_.jpg","contentUrl":"https:\/\/purehivehoney.com\/de\/wp-content\/uploads\/2026\/03\/61pqbDodpmL._SL1000_.jpg","width":667,"height":1000},{"@type":"BreadcrumbList","@id":"https:\/\/purehivehoney.com\/de\/product\/bienenschaetze-honig-pollen-propolis-co-rezepte-anleitungen-tipps-rezepte-anleitungen-tipps-fuer-pflegendes-heilendes-kulinarisches-und-kreatives\/#breadcrumb","itemListElement":[{"@type":"ListItem","position":1,"name":"Home","item":"https:\/\/purehivehoney.com\/de\/"},{"@type":"ListItem","position":2,"name":"Shop","item":"https:\/\/purehivehoney.com\/de\/shop\/"},{"@type":"ListItem","position":3,"name":"Bienensch\u00e4tze \u2013 Honig, Pollen, P..."}]},{"@type":"WebSite","@id":"https:\/\/purehivehoney.com\/de\/#website","url":"https:\/\/purehivehoney.com\/de\/","name":"PureHiveHoney","description":"Reiner Honig &amp; Bienenprodukte Online | Rohhonig, Bio Honig &amp; Spezialhonig","publisher":{"@id":"https:\/\/purehivehoney.com\/de\/#organization"},"potentialAction":[{"@type":"SearchAction","target":{"@type":"EntryPoint","urlTemplate":"https:\/\/purehivehoney.com\/de\/?s={search_term_string}"},"query-input":{"@type":"PropertyValueSpecification","valueRequired":true,"valueName":"search_term_string"}}],"inLanguage":"de"},{"@type":"Organization","@id":"https:\/\/purehivehoney.com\/de\/#organization","name":"PureHiveHoney","url":"https:\/\/purehivehoney.com\/de\/","logo":{"@type":"ImageObject","inLanguage":"de","@id":"https:\/\/purehivehoney.com\/de\/#\/schema\/logo\/image\/","url":"https:\/\/purehivehoney.com\/de\/wp-content\/uploads\/2026\/03\/Screenshot-2026-03-16-at-1.06.01-AM.png","contentUrl":"https:\/\/purehivehoney.com\/de\/wp-content\/uploads\/2026\/03\/Screenshot-2026-03-16-at-1.06.01-AM.png","width":2112,"height":1086,"caption":"PureHiveHoney"},"image":{"@id":"https:\/\/purehivehoney.com\/de\/#\/schema\/logo\/image\/"}}]}},"_links":{"self":[{"href":"https:\/\/purehivehoney.com\/de\/wp-json\/wp\/v2\/product\/1068","targetHints":{"allow":["GET"]}}],"collection":[{"href":"https:\/\/purehivehoney.com\/de\/wp-json\/wp\/v2\/product"}],"about":[{"href":"https:\/\/purehivehoney.com\/de\/wp-json\/wp\/v2\/types\/product"}],"replies":[{"embeddable":true,"href":"https:\/\/purehivehoney.com\/de\/wp-json\/wp\/v2\/comments?post=1068"}],"wp:featuredmedia":[{"embeddable":true,"href":"https:\/\/purehivehoney.com\/de\/wp-json\/wp\/v2\/media\/1069"}],"wp:attachment":[{"href":"https:\/\/purehivehoney.com\/de\/wp-json\/wp\/v2\/media?parent=1068"}],"wp:term":[{"taxonomy":"store","embeddable":true,"href":"https:\/\/purehivehoney.com\/de\/wp-json\/wp\/v2\/store?post=1068"},{"taxonomy":"product_brand","embeddable":true,"href":"https:\/\/purehivehoney.com\/de\/wp-json\/wp\/v2\/product_brand?post=1068"},{"taxonomy":"product_cat","embeddable":true,"href":"https:\/\/purehivehoney.com\/de\/wp-json\/wp\/v2\/product_cat?post=1068"},{"taxonomy":"product_tag","embeddable":true,"href":"https:\/\/purehivehoney.com\/de\/wp-json\/wp\/v2\/product_tag?post=1068"}],"curies":[{"name":"wp","href":"https:\/\/api.w.org\/{rel}","templated":true}]}}