{"id":1058,"date":"2026-03-16T07:29:26","date_gmt":"2026-03-16T07:29:26","guid":{"rendered":"https:\/\/purehivehoney.com\/de\/product\/bedrop-royal-jelly-capsules-organic-quality-3-x-60-capsules-180-capsules-1-capsule-980-mg-pure-royal-jelly-10-hda-content\/"},"modified":"2026-03-16T07:29:41","modified_gmt":"2026-03-16T07:29:41","slug":"bedrop-royal-jelly-capsules-organic-quality-3-x-60-capsules-180-capsules-1-capsule-980-mg-pure-royal-jelly-10-hda-content","status":"publish","type":"product","link":"https:\/\/purehivehoney.com\/de\/product\/bedrop-royal-jelly-capsules-organic-quality-3-x-60-capsules-180-capsules-1-capsule-980-mg-pure-royal-jelly-10-hda-content\/","title":{"rendered":"bedrop Royal Jelly Capsules Organic..."},"content":{"rendered":"<p>                                             From the brand   <\/p>\n<p>                                              <img decoding=\"async\" alt=\"Beige promotional backdrop with minimal text elements and decorative design elements in neutral tones.\" src=\"https:\/\/images-na.ssl-images-amazon.com\/images\/G\/01\/x-locale\/common\/grey-pixel.gif\" class=\"a-lazy-loaded\" data-src=\"https:\/\/m.media-amazon.com\/images\/S\/aplus-media-library-service-media\/8891c1b7-e5ec-43e8-b367-5c3eab6da6de.__CR0,0,2928,1250_PT0_SX1464_V1___.jpg\"><img decoding=\"async\" alt=\"Beige promotional backdrop with minimal text elements and decorative design elements in neutral tones.\" src=\"https:\/\/m.media-amazon.com\/images\/S\/aplus-media-library-service-media\/8891c1b7-e5ec-43e8-b367-5c3eab6da6de.__CR0,0,2928,1250_PT0_SX1464_V1___.jpg\">  <\/p>\n<p>                                              <img decoding=\"async\" alt=\"Business card or promotional material featuring German text about childhood propolis for home pharmacies, decorated with a bee illustration in beige.\" src=\"https:\/\/images-na.ssl-images-amazon.com\/images\/G\/01\/x-locale\/common\/grey-pixel.gif\" class=\"a-lazy-loaded\" data-src=\"https:\/\/m.media-amazon.com\/images\/S\/aplus-media-library-service-media\/28478732-752b-4c7b-b94c-90d3c4395278.__CR0,0,724,906_PT0_SX362_V1___.jpg\"><img decoding=\"async\" alt=\"Business card or promotional material featuring German text about childhood propolis for home pharmacies, decorated with a bee illustration in beige.\" src=\"https:\/\/m.media-amazon.com\/images\/S\/aplus-media-library-service-media\/28478732-752b-4c7b-b94c-90d3c4395278.__CR0,0,724,906_PT0_SX362_V1___.jpg\">  <\/p>\n<p>                                              <img decoding=\"async\" alt=\"Professional headshot-style photo featuring red plaid jacket and black turtleneck sweater with layered gold necklaces against white background.\" src=\"https:\/\/images-na.ssl-images-amazon.com\/images\/G\/01\/x-locale\/common\/grey-pixel.gif\" class=\"a-lazy-loaded\" data-src=\"https:\/\/m.media-amazon.com\/images\/S\/aplus-media-library-service-media\/4751ba5f-85df-42ba-afe5-fc96ad6b984c.__CR0,0,724,906_PT0_SX362_V1___.jpg\"><img decoding=\"async\" alt=\"Professional headshot-style photo featuring red plaid jacket and black turtleneck sweater with layered gold necklaces against white background.\" src=\"https:\/\/m.media-amazon.com\/images\/S\/aplus-media-library-service-media\/4751ba5f-85df-42ba-afe5-fc96ad6b984c.__CR0,0,724,906_PT0_SX362_V1___.jpg\">  <\/p>\n<p>                                              <img decoding=\"async\" alt=\"Three small dark glass bottles with droppers displayed alongside text about propolis-based home remedy solution.\" src=\"https:\/\/images-na.ssl-images-amazon.com\/images\/G\/01\/x-locale\/common\/grey-pixel.gif\" class=\"a-lazy-loaded\" data-src=\"https:\/\/m.media-amazon.com\/images\/S\/aplus-media-library-service-media\/7222ea9c-8b0c-4a3c-949c-ece9fa7ab4b5.__CR0,0,724,906_PT0_SX362_V1___.jpg\"><img decoding=\"async\" alt=\"Three small dark glass bottles with droppers displayed alongside text about propolis-based home remedy solution.\" src=\"https:\/\/m.media-amazon.com\/images\/S\/aplus-media-library-service-media\/7222ea9c-8b0c-4a3c-949c-ece9fa7ab4b5.__CR0,0,724,906_PT0_SX362_V1___.jpg\">  <\/p>\n<p>                                              <img decoding=\"async\" alt=\"Two glass jars with black lids containing Gel\u00e9e Royale products, shown being held against a warm brown background. German text indicates bee-based wellness products.\" src=\"https:\/\/images-na.ssl-images-amazon.com\/images\/G\/01\/x-locale\/common\/grey-pixel.gif\" class=\"a-lazy-loaded\" data-src=\"https:\/\/m.media-amazon.com\/images\/S\/aplus-media-library-service-media\/518e8953-dc86-415c-aacf-50d69c7e2c0e.__CR0,0,724,906_PT0_SX362_V1___.jpg\"><img decoding=\"async\" alt=\"Two glass jars with black lids containing Gel\u00e9e Royale products, shown being held against a warm brown background. German text indicates bee-based wellness products.\" src=\"https:\/\/m.media-amazon.com\/images\/S\/aplus-media-library-service-media\/518e8953-dc86-415c-aacf-50d69c7e2c0e.__CR0,0,724,906_PT0_SX362_V1___.jpg\">  <\/p>\n<p>                                              <img decoding=\"async\" alt=\"Brand Story Tile 5 - Bedrop\" src=\"https:\/\/images-na.ssl-images-amazon.com\/images\/G\/01\/x-locale\/common\/grey-pixel.gif\" class=\"a-lazy-loaded\" data-src=\"https:\/\/m.media-amazon.com\/images\/S\/aplus-media-library-service-media\/9ba7f50f-e8d9-48fb-a387-3e9b028167ab.__CR0,0,724,906_PT0_SX362_V1___.jpg\"><img decoding=\"async\" alt=\"Brand Story Tile 5 - Bedrop\" src=\"https:\/\/m.media-amazon.com\/images\/S\/aplus-media-library-service-media\/9ba7f50f-e8d9-48fb-a387-3e9b028167ab.__CR0,0,724,906_PT0_SX362_V1___.jpg\">  <\/p>\n<p>                                              <img decoding=\"async\" alt=\"Business presentation slide in German titled &amp;#39;Die flei\u00dfigen Bienen&amp;#39; with circular profile images and text about a 2020 startup.\" src=\"https:\/\/images-na.ssl-images-amazon.com\/images\/G\/01\/x-locale\/common\/grey-pixel.gif\" class=\"a-lazy-loaded\" data-src=\"https:\/\/m.media-amazon.com\/images\/S\/aplus-media-library-service-media\/20005374-3125-4f96-9c9c-c485af918efe.__CR0,0,724,906_PT0_SX362_V1___.jpg\"><img decoding=\"async\" alt=\"Business presentation slide in German titled &amp;#39;Die flei\u00dfigen Bienen&amp;#39; with circular profile images and text about a 2020 startup.\" src=\"https:\/\/m.media-amazon.com\/images\/S\/aplus-media-library-service-media\/20005374-3125-4f96-9c9c-c485af918efe.__CR0,0,724,906_PT0_SX362_V1___.jpg\">  <\/p>\n<p> Manufacturer                                            \u200f                                            :                                            \u200e                                            bedrop.de von FLBE Health UG (haftungsbeschr\u00e4nkt)   <br \/> ASIN                                            \u200f                                            :                                            \u200e                                            B09VLBQ49X   <br \/> Manufacturer reference                                            \u200f                                            :                                            \u200e                                            0040-160-SET   <br \/>  Customer reviews:                                                                                            4.5               4.5 out of 5 stars                                  (455)                                              var dpAcrHasRegisteredArcLinkClickAction;                    P.when(&#8218;A&#8216;, &#8218;ready&#8216;).execute(function(A) {                        if (dpAcrHasRegisteredArcLinkClickAction !== true) {                            dpAcrHasRegisteredArcLinkClickAction = true;                            A.declarative(                                &#8218;acrLink-click-metrics&#8216;, &#8218;click&#8216;,                                { &#8222;allowLinkDefault&#8220;: true },                                function (event) {                                    if (window.ue) {                                        ue.count(&#8222;acrLinkClickCount&#8220;, (ue.count(&#8222;acrLinkClickCount&#8220;) || 0) + 1);                                    }                                }                            );                        }                    });                                             P.when(&#8218;A&#8216;, &#8218;cf&#8216;).execute(function(A) {                A.declarative(&#8218;acrStarsLink-click-metrics&#8216;, &#8218;click&#8216;, { &#8222;allowLinkDefault&#8220; : true },  function(event){                    if(window.ue) {                        ue.count(&#8222;acrStarsLinkWithPopoverClickCount&#8220;, (ue.count(&#8222;acrStarsLinkWithPopoverClickCount&#8220;) || 0) + 1);                    }                });            });                          <br \/>Pure organic royal jelly: dietary supplement with royal jelly extract, 60 capsules = 1 month supply, 100% beekeeping quality and natural origin. Each capsule contains 320 mg royal jelly, which corresponds to almost 980 mg of pure royal jelly. The 10-HDA content is of at least 4.8%. High-quality process technology: freeze dried for high active ingredient content. The royal jelly powder is organic quality.<br \/>Safe production: under strict conditions and the most accurate hygiene standards, our products are made with love in Germany.<br \/>Control: Our products are tested at regular intervals by certified laboratories. Rich in flavonoids (standardized) &#038; polyphenols (standardized). In addition, Royal jelly is tested for impurities.<br \/>Sustainability: includes stylish, practical outer packaging for safe transport. In general, we only use sustainable materials for our Royal Jelly capsules, e.g. Glass &#038; Recycled Labels<br \/>Support: We at bedrop are against bee mortality and are committed to this with various beekeeping as well as projects. You support these projects with every purchase of our products. Royal jelly is sourced from certified beekeeping.<\/p>\n\n","protected":false},"excerpt":{"rendered":"<p>From the brand Manufacturer \u200f : \u200e bedrop.de von FLBE Health UG (haftungsbeschr\u00e4nkt) ASIN \u200f : \u200e B09VLBQ49X Manufacturer reference \u200f : \u200e 0040-160-SET Customer reviews: 4.5 4.5 out of 5 stars (455) var dpAcrHasRegisteredArcLinkClickAction; P.when(&#8218;A&#8216;, &#8218;ready&#8216;).execute(function(A) { if (dpAcrHasRegisteredArcLinkClickAction !== true) { dpAcrHasRegisteredArcLinkClickAction = true; A.declarative( &#8218;acrLink-click-metrics&#8216;, &#8218;click&#8216;, { &#8222;allowLinkDefault&#8220;: true }, function (event) [&hellip;]<\/p>\n","protected":false},"featured_media":1059,"comment_status":"open","ping_status":"closed","template":"","meta":{"_aipt_faq_data":""},"store":[],"product_brand":[247],"product_cat":[65],"product_tag":[231],"class_list":{"0":"post-1058","1":"product","2":"type-product","3":"status-publish","4":"has-post-thumbnail","6":"product_brand-bedrop","7":"product_cat-gelee-royale","8":"product_tag-gelee-royale-natuerliche-inhaltsstoffe","10":"first","11":"instock","12":"shipping-taxable","13":"product-type-external"},"yoast_head":"<!-- This site is optimized with the Yoast SEO plugin v27.4 - https:\/\/yoast.com\/product\/yoast-seo-wordpress\/ -->\n<title>bedrop Royal Jelly Capsules Organic Quality 3 x 60 Capsules (180 Capsules), 1 Capsule = 980 mg Pure Royal Jelly, 10-HDA Content - PureHiveHoney<\/title>\n<meta name=\"description\" content=\"Entdecken Sie hochwertigen Rohhonig, Bio Honig, Manuka Honig und nat\u00fcrliche Bienenprodukte. PureHiveHoney hilft Ihnen dabei, sorgf\u00e4ltig ausgew\u00e4hlte Honigsorten mit nat\u00fcrlicher Qualit\u00e4t und Reinheit zu entdecken.\" \/>\n<meta name=\"robots\" content=\"index, follow, max-snippet:-1, max-image-preview:large, max-video-preview:-1\" \/>\n<link rel=\"canonical\" href=\"https:\/\/purehivehoney.com\/de\/product\/bedrop-royal-jelly-capsules-organic-quality-3-x-60-capsules-180-capsules-1-capsule-980-mg-pure-royal-jelly-10-hda-content\/\" \/>\n<meta property=\"og:locale\" content=\"de_DE\" \/>\n<meta property=\"og:type\" content=\"article\" \/>\n<meta property=\"og:title\" content=\"bedrop Royal Jelly Capsules Organic Quality 3 x 60 Capsules (180 Capsules), 1 Capsule = 980 mg Pure Royal Jelly, 10-HDA Content - PureHiveHoney\" \/>\n<meta property=\"og:description\" content=\"Entdecken Sie hochwertigen Rohhonig, Bio Honig, Manuka Honig und nat\u00fcrliche Bienenprodukte. PureHiveHoney hilft Ihnen dabei, sorgf\u00e4ltig ausgew\u00e4hlte Honigsorten mit nat\u00fcrlicher Qualit\u00e4t und Reinheit zu entdecken.\" \/>\n<meta property=\"og:url\" content=\"https:\/\/purehivehoney.com\/de\/product\/bedrop-royal-jelly-capsules-organic-quality-3-x-60-capsules-180-capsules-1-capsule-980-mg-pure-royal-jelly-10-hda-content\/\" \/>\n<meta property=\"og:site_name\" content=\"PureHiveHoney\" \/>\n<meta property=\"article:modified_time\" content=\"2026-03-16T07:29:41+00:00\" \/>\n<meta property=\"og:image\" content=\"https:\/\/images-na.ssl-images-amazon.com\/images\/G\/01\/x-locale\/common\/grey-pixel.gif\" \/>\n<meta name=\"twitter:card\" content=\"summary_large_image\" \/>\n<meta name=\"twitter:label1\" content=\"Gesch\u00e4tzte Lesezeit\" \/>\n\t<meta name=\"twitter:data1\" content=\"1\u00a0Minute\" \/>\n<script type=\"application\/ld+json\" class=\"yoast-schema-graph\">{\"@context\":\"https:\\\/\\\/schema.org\",\"@graph\":[{\"@type\":\"WebPage\",\"@id\":\"https:\\\/\\\/purehivehoney.com\\\/de\\\/product\\\/bedrop-royal-jelly-capsules-organic-quality-3-x-60-capsules-180-capsules-1-capsule-980-mg-pure-royal-jelly-10-hda-content\\\/\",\"url\":\"https:\\\/\\\/purehivehoney.com\\\/de\\\/product\\\/bedrop-royal-jelly-capsules-organic-quality-3-x-60-capsules-180-capsules-1-capsule-980-mg-pure-royal-jelly-10-hda-content\\\/\",\"name\":\"bedrop Royal Jelly Capsules Organic Quality 3 x 60 Capsules (180 Capsules), 1 Capsule = 980 mg Pure Royal Jelly, 10-HDA Content - PureHiveHoney\",\"isPartOf\":{\"@id\":\"https:\\\/\\\/purehivehoney.com\\\/de\\\/#website\"},\"primaryImageOfPage\":{\"@id\":\"https:\\\/\\\/purehivehoney.com\\\/de\\\/product\\\/bedrop-royal-jelly-capsules-organic-quality-3-x-60-capsules-180-capsules-1-capsule-980-mg-pure-royal-jelly-10-hda-content\\\/#primaryimage\"},\"image\":{\"@id\":\"https:\\\/\\\/purehivehoney.com\\\/de\\\/product\\\/bedrop-royal-jelly-capsules-organic-quality-3-x-60-capsules-180-capsules-1-capsule-980-mg-pure-royal-jelly-10-hda-content\\\/#primaryimage\"},\"thumbnailUrl\":\"https:\\\/\\\/purehivehoney.com\\\/de\\\/wp-content\\\/uploads\\\/2026\\\/03\\\/71Fz-0WH6qL._AC_SL1500_.jpg\",\"datePublished\":\"2026-03-16T07:29:26+00:00\",\"dateModified\":\"2026-03-16T07:29:41+00:00\",\"description\":\"Entdecken Sie hochwertigen Rohhonig, Bio Honig, Manuka Honig und nat\u00fcrliche Bienenprodukte. PureHiveHoney hilft Ihnen dabei, sorgf\u00e4ltig ausgew\u00e4hlte Honigsorten mit nat\u00fcrlicher Qualit\u00e4t und Reinheit zu entdecken.\",\"breadcrumb\":{\"@id\":\"https:\\\/\\\/purehivehoney.com\\\/de\\\/product\\\/bedrop-royal-jelly-capsules-organic-quality-3-x-60-capsules-180-capsules-1-capsule-980-mg-pure-royal-jelly-10-hda-content\\\/#breadcrumb\"},\"inLanguage\":\"de\",\"potentialAction\":[{\"@type\":\"ReadAction\",\"target\":[\"https:\\\/\\\/purehivehoney.com\\\/de\\\/product\\\/bedrop-royal-jelly-capsules-organic-quality-3-x-60-capsules-180-capsules-1-capsule-980-mg-pure-royal-jelly-10-hda-content\\\/\"]}]},{\"@type\":\"ImageObject\",\"inLanguage\":\"de\",\"@id\":\"https:\\\/\\\/purehivehoney.com\\\/de\\\/product\\\/bedrop-royal-jelly-capsules-organic-quality-3-x-60-capsules-180-capsules-1-capsule-980-mg-pure-royal-jelly-10-hda-content\\\/#primaryimage\",\"url\":\"https:\\\/\\\/purehivehoney.com\\\/de\\\/wp-content\\\/uploads\\\/2026\\\/03\\\/71Fz-0WH6qL._AC_SL1500_.jpg\",\"contentUrl\":\"https:\\\/\\\/purehivehoney.com\\\/de\\\/wp-content\\\/uploads\\\/2026\\\/03\\\/71Fz-0WH6qL._AC_SL1500_.jpg\",\"width\":1500,\"height\":1103},{\"@type\":\"BreadcrumbList\",\"@id\":\"https:\\\/\\\/purehivehoney.com\\\/de\\\/product\\\/bedrop-royal-jelly-capsules-organic-quality-3-x-60-capsules-180-capsules-1-capsule-980-mg-pure-royal-jelly-10-hda-content\\\/#breadcrumb\",\"itemListElement\":[{\"@type\":\"ListItem\",\"position\":1,\"name\":\"Home\",\"item\":\"https:\\\/\\\/purehivehoney.com\\\/de\\\/\"},{\"@type\":\"ListItem\",\"position\":2,\"name\":\"Shop\",\"item\":\"https:\\\/\\\/purehivehoney.com\\\/de\\\/shop\\\/\"},{\"@type\":\"ListItem\",\"position\":3,\"name\":\"bedrop Royal Jelly Capsules Organic...\"}]},{\"@type\":\"WebSite\",\"@id\":\"https:\\\/\\\/purehivehoney.com\\\/de\\\/#website\",\"url\":\"https:\\\/\\\/purehivehoney.com\\\/de\\\/\",\"name\":\"PureHiveHoney\",\"description\":\"Reiner Honig &amp; Bienenprodukte Online | Rohhonig, Bio Honig &amp; Spezialhonig\",\"publisher\":{\"@id\":\"https:\\\/\\\/purehivehoney.com\\\/de\\\/#organization\"},\"potentialAction\":[{\"@type\":\"SearchAction\",\"target\":{\"@type\":\"EntryPoint\",\"urlTemplate\":\"https:\\\/\\\/purehivehoney.com\\\/de\\\/?s={search_term_string}\"},\"query-input\":{\"@type\":\"PropertyValueSpecification\",\"valueRequired\":true,\"valueName\":\"search_term_string\"}}],\"inLanguage\":\"de\"},{\"@type\":\"Organization\",\"@id\":\"https:\\\/\\\/purehivehoney.com\\\/de\\\/#organization\",\"name\":\"PureHiveHoney\",\"url\":\"https:\\\/\\\/purehivehoney.com\\\/de\\\/\",\"logo\":{\"@type\":\"ImageObject\",\"inLanguage\":\"de\",\"@id\":\"https:\\\/\\\/purehivehoney.com\\\/de\\\/#\\\/schema\\\/logo\\\/image\\\/\",\"url\":\"https:\\\/\\\/purehivehoney.com\\\/de\\\/wp-content\\\/uploads\\\/2026\\\/03\\\/Screenshot-2026-03-16-at-1.06.01-AM.png\",\"contentUrl\":\"https:\\\/\\\/purehivehoney.com\\\/de\\\/wp-content\\\/uploads\\\/2026\\\/03\\\/Screenshot-2026-03-16-at-1.06.01-AM.png\",\"width\":2112,\"height\":1086,\"caption\":\"PureHiveHoney\"},\"image\":{\"@id\":\"https:\\\/\\\/purehivehoney.com\\\/de\\\/#\\\/schema\\\/logo\\\/image\\\/\"}}]}<\/script>\n<!-- \/ Yoast SEO plugin. -->","yoast_head_json":{"title":"bedrop Royal Jelly Capsules Organic Quality 3 x 60 Capsules (180 Capsules), 1 Capsule = 980 mg Pure Royal Jelly, 10-HDA Content - PureHiveHoney","description":"Entdecken Sie hochwertigen Rohhonig, Bio Honig, Manuka Honig und nat\u00fcrliche Bienenprodukte. PureHiveHoney hilft Ihnen dabei, sorgf\u00e4ltig ausgew\u00e4hlte Honigsorten mit nat\u00fcrlicher Qualit\u00e4t und Reinheit zu entdecken.","robots":{"index":"index","follow":"follow","max-snippet":"max-snippet:-1","max-image-preview":"max-image-preview:large","max-video-preview":"max-video-preview:-1"},"canonical":"https:\/\/purehivehoney.com\/de\/product\/bedrop-royal-jelly-capsules-organic-quality-3-x-60-capsules-180-capsules-1-capsule-980-mg-pure-royal-jelly-10-hda-content\/","og_locale":"de_DE","og_type":"article","og_title":"bedrop Royal Jelly Capsules Organic Quality 3 x 60 Capsules (180 Capsules), 1 Capsule = 980 mg Pure Royal Jelly, 10-HDA Content - PureHiveHoney","og_description":"Entdecken Sie hochwertigen Rohhonig, Bio Honig, Manuka Honig und nat\u00fcrliche Bienenprodukte. PureHiveHoney hilft Ihnen dabei, sorgf\u00e4ltig ausgew\u00e4hlte Honigsorten mit nat\u00fcrlicher Qualit\u00e4t und Reinheit zu entdecken.","og_url":"https:\/\/purehivehoney.com\/de\/product\/bedrop-royal-jelly-capsules-organic-quality-3-x-60-capsules-180-capsules-1-capsule-980-mg-pure-royal-jelly-10-hda-content\/","og_site_name":"PureHiveHoney","article_modified_time":"2026-03-16T07:29:41+00:00","og_image":[{"url":"https:\/\/images-na.ssl-images-amazon.com\/images\/G\/01\/x-locale\/common\/grey-pixel.gif","type":"","width":"","height":""}],"twitter_card":"summary_large_image","twitter_misc":{"Gesch\u00e4tzte Lesezeit":"1\u00a0Minute"},"schema":{"@context":"https:\/\/schema.org","@graph":[{"@type":"WebPage","@id":"https:\/\/purehivehoney.com\/de\/product\/bedrop-royal-jelly-capsules-organic-quality-3-x-60-capsules-180-capsules-1-capsule-980-mg-pure-royal-jelly-10-hda-content\/","url":"https:\/\/purehivehoney.com\/de\/product\/bedrop-royal-jelly-capsules-organic-quality-3-x-60-capsules-180-capsules-1-capsule-980-mg-pure-royal-jelly-10-hda-content\/","name":"bedrop Royal Jelly Capsules Organic Quality 3 x 60 Capsules (180 Capsules), 1 Capsule = 980 mg Pure Royal Jelly, 10-HDA Content - PureHiveHoney","isPartOf":{"@id":"https:\/\/purehivehoney.com\/de\/#website"},"primaryImageOfPage":{"@id":"https:\/\/purehivehoney.com\/de\/product\/bedrop-royal-jelly-capsules-organic-quality-3-x-60-capsules-180-capsules-1-capsule-980-mg-pure-royal-jelly-10-hda-content\/#primaryimage"},"image":{"@id":"https:\/\/purehivehoney.com\/de\/product\/bedrop-royal-jelly-capsules-organic-quality-3-x-60-capsules-180-capsules-1-capsule-980-mg-pure-royal-jelly-10-hda-content\/#primaryimage"},"thumbnailUrl":"https:\/\/purehivehoney.com\/de\/wp-content\/uploads\/2026\/03\/71Fz-0WH6qL._AC_SL1500_.jpg","datePublished":"2026-03-16T07:29:26+00:00","dateModified":"2026-03-16T07:29:41+00:00","description":"Entdecken Sie hochwertigen Rohhonig, Bio Honig, Manuka Honig und nat\u00fcrliche Bienenprodukte. PureHiveHoney hilft Ihnen dabei, sorgf\u00e4ltig ausgew\u00e4hlte Honigsorten mit nat\u00fcrlicher Qualit\u00e4t und Reinheit zu entdecken.","breadcrumb":{"@id":"https:\/\/purehivehoney.com\/de\/product\/bedrop-royal-jelly-capsules-organic-quality-3-x-60-capsules-180-capsules-1-capsule-980-mg-pure-royal-jelly-10-hda-content\/#breadcrumb"},"inLanguage":"de","potentialAction":[{"@type":"ReadAction","target":["https:\/\/purehivehoney.com\/de\/product\/bedrop-royal-jelly-capsules-organic-quality-3-x-60-capsules-180-capsules-1-capsule-980-mg-pure-royal-jelly-10-hda-content\/"]}]},{"@type":"ImageObject","inLanguage":"de","@id":"https:\/\/purehivehoney.com\/de\/product\/bedrop-royal-jelly-capsules-organic-quality-3-x-60-capsules-180-capsules-1-capsule-980-mg-pure-royal-jelly-10-hda-content\/#primaryimage","url":"https:\/\/purehivehoney.com\/de\/wp-content\/uploads\/2026\/03\/71Fz-0WH6qL._AC_SL1500_.jpg","contentUrl":"https:\/\/purehivehoney.com\/de\/wp-content\/uploads\/2026\/03\/71Fz-0WH6qL._AC_SL1500_.jpg","width":1500,"height":1103},{"@type":"BreadcrumbList","@id":"https:\/\/purehivehoney.com\/de\/product\/bedrop-royal-jelly-capsules-organic-quality-3-x-60-capsules-180-capsules-1-capsule-980-mg-pure-royal-jelly-10-hda-content\/#breadcrumb","itemListElement":[{"@type":"ListItem","position":1,"name":"Home","item":"https:\/\/purehivehoney.com\/de\/"},{"@type":"ListItem","position":2,"name":"Shop","item":"https:\/\/purehivehoney.com\/de\/shop\/"},{"@type":"ListItem","position":3,"name":"bedrop Royal Jelly Capsules Organic..."}]},{"@type":"WebSite","@id":"https:\/\/purehivehoney.com\/de\/#website","url":"https:\/\/purehivehoney.com\/de\/","name":"PureHiveHoney","description":"Reiner Honig &amp; Bienenprodukte Online | Rohhonig, Bio Honig &amp; Spezialhonig","publisher":{"@id":"https:\/\/purehivehoney.com\/de\/#organization"},"potentialAction":[{"@type":"SearchAction","target":{"@type":"EntryPoint","urlTemplate":"https:\/\/purehivehoney.com\/de\/?s={search_term_string}"},"query-input":{"@type":"PropertyValueSpecification","valueRequired":true,"valueName":"search_term_string"}}],"inLanguage":"de"},{"@type":"Organization","@id":"https:\/\/purehivehoney.com\/de\/#organization","name":"PureHiveHoney","url":"https:\/\/purehivehoney.com\/de\/","logo":{"@type":"ImageObject","inLanguage":"de","@id":"https:\/\/purehivehoney.com\/de\/#\/schema\/logo\/image\/","url":"https:\/\/purehivehoney.com\/de\/wp-content\/uploads\/2026\/03\/Screenshot-2026-03-16-at-1.06.01-AM.png","contentUrl":"https:\/\/purehivehoney.com\/de\/wp-content\/uploads\/2026\/03\/Screenshot-2026-03-16-at-1.06.01-AM.png","width":2112,"height":1086,"caption":"PureHiveHoney"},"image":{"@id":"https:\/\/purehivehoney.com\/de\/#\/schema\/logo\/image\/"}}]}},"_links":{"self":[{"href":"https:\/\/purehivehoney.com\/de\/wp-json\/wp\/v2\/product\/1058","targetHints":{"allow":["GET"]}}],"collection":[{"href":"https:\/\/purehivehoney.com\/de\/wp-json\/wp\/v2\/product"}],"about":[{"href":"https:\/\/purehivehoney.com\/de\/wp-json\/wp\/v2\/types\/product"}],"replies":[{"embeddable":true,"href":"https:\/\/purehivehoney.com\/de\/wp-json\/wp\/v2\/comments?post=1058"}],"wp:featuredmedia":[{"embeddable":true,"href":"https:\/\/purehivehoney.com\/de\/wp-json\/wp\/v2\/media\/1059"}],"wp:attachment":[{"href":"https:\/\/purehivehoney.com\/de\/wp-json\/wp\/v2\/media?parent=1058"}],"wp:term":[{"taxonomy":"store","embeddable":true,"href":"https:\/\/purehivehoney.com\/de\/wp-json\/wp\/v2\/store?post=1058"},{"taxonomy":"product_brand","embeddable":true,"href":"https:\/\/purehivehoney.com\/de\/wp-json\/wp\/v2\/product_brand?post=1058"},{"taxonomy":"product_cat","embeddable":true,"href":"https:\/\/purehivehoney.com\/de\/wp-json\/wp\/v2\/product_cat?post=1058"},{"taxonomy":"product_tag","embeddable":true,"href":"https:\/\/purehivehoney.com\/de\/wp-json\/wp\/v2\/product_tag?post=1058"}],"curies":[{"name":"wp","href":"https:\/\/api.w.org\/{rel}","templated":true}]}}