{"id":1028,"date":"2026-03-16T07:21:24","date_gmt":"2026-03-16T07:21:24","guid":{"rendered":"https:\/\/purehivehoney.com\/de\/product\/wooden-honey-spoon-honey-jar-honey-spoon-stirring-stick-stirring-rod-multifunctional-honey-glass-mixing-spoon-for-holidays-lovers-families\/"},"modified":"2026-03-16T07:21:43","modified_gmt":"2026-03-16T07:21:43","slug":"wooden-honey-spoon-honey-jar-honey-spoon-stirring-stick-stirring-rod-multifunctional-honey-glass-mixing-spoon-for-holidays-lovers-families","status":"publish","type":"product","link":"https:\/\/purehivehoney.com\/de\/product\/wooden-honey-spoon-honey-jar-honey-spoon-stirring-stick-stirring-rod-multifunctional-honey-glass-mixing-spoon-for-holidays-lovers-families\/","title":{"rendered":"Wooden Honey Spoon | Honey Jar Hone..."},"content":{"rendered":"<p>    <span>Our wooden honey sticks simplify your kitchen routine by eliminating the need for other utensils. It ensures easy honey extraction from glasses of all depths thanks to the honey wooden spoon. Experience an elegant tea drinking experience with our wooden honey sticks, ideal for special occasions such as birthdays. <br \/>Product Features: <br \/>Product Name: Honey Spoon <br \/>Material: Wood <br \/>Product size: round spoon approx. 3 x 20 cm, honeycomb spoon approx. 2.8 x 18.8 cm. <br \/>Package includes: <br \/>3 x Honey Spoon <br \/>Note: <br \/>Due to the light and screen setting difference, the item&#8217;s color may be slightly different from the pictures. <br \/>Please allow 1-2cm differs due to manual measurement.<\/span>    <br \/>Multifunctional design: the honey spoon stick simplifies your kitchen routine by multitasking as a stirrer for coffee or tea. Say goodbye to messy utensil drawers and enjoy precise honey application, all with 1 versatile tool<br \/>BRING YOU CONVENIENCE Our wooden honey spoon ensures easy extraction from jars of all depths, avoiding sticky hands and spills that keep your kitchen tidy. Extended handle design makes it more comfortable to use and allows for quick and effortless use<br \/>ENVIRONMENTALLY CONSCIOUS Our honey spoon, made of excellent wood, provides an environmentally friendly and reusable solution to preserve honey. Its workmanship and great cut add a touch of elegance<br \/>IMPROVE YOUR TEA TIME Take your tea time to a new standard of sophistication with our wooden honey spoon. Add a touch of elegance and impress your guests as you enjoy a cozy cup of tea together<br \/>PERFECT GIFT:Encourages the affection of the loved one during festivities and birthdays. Our honey spoon is a great gift for spreading blessings and love, making it an ideal gift for friends and family<\/p>\n\n","protected":false},"excerpt":{"rendered":"<p>Our wooden honey sticks simplify your kitchen routine by eliminating the need for other utensils. It ensures easy honey extraction from glasses of all depths thanks to the honey wooden spoon. Experience an elegant tea drinking experience with our wooden honey sticks, ideal for special occasions such as birthdays. Product Features: Product Name: Honey Spoon [&hellip;]<\/p>\n","protected":false},"featured_media":1029,"comment_status":"open","ping_status":"closed","template":"","meta":{"_aipt_faq_data":""},"store":[],"product_brand":[251],"product_cat":[73],"product_tag":[164],"class_list":{"0":"post-1028","1":"product","2":"type-product","3":"status-publish","4":"has-post-thumbnail","6":"product_brand-generic","7":"product_cat-honigloffel","8":"product_tag-honigloeffel-fuer-honigglas","10":"first","11":"instock","12":"shipping-taxable","13":"product-type-external"},"yoast_head":"<!-- This site is optimized with the Yoast SEO plugin v27.4 - https:\/\/yoast.com\/product\/yoast-seo-wordpress\/ -->\n<title>Wooden Honey Spoon | Honey Jar Honey Spoon Stirring Stick Stirring Rod - Multifunctional Honey Glass Mixing Spoon for Holidays, Lovers, Families - PureHiveHoney<\/title>\n<meta name=\"description\" content=\"Entdecken Sie hochwertigen Rohhonig, Bio Honig, Manuka Honig und nat\u00fcrliche Bienenprodukte. PureHiveHoney hilft Ihnen dabei, sorgf\u00e4ltig ausgew\u00e4hlte Honigsorten mit nat\u00fcrlicher Qualit\u00e4t und Reinheit zu entdecken.\" \/>\n<meta name=\"robots\" content=\"index, follow, max-snippet:-1, max-image-preview:large, max-video-preview:-1\" \/>\n<link rel=\"canonical\" href=\"https:\/\/purehivehoney.com\/de\/product\/wooden-honey-spoon-honey-jar-honey-spoon-stirring-stick-stirring-rod-multifunctional-honey-glass-mixing-spoon-for-holidays-lovers-families\/\" \/>\n<meta property=\"og:locale\" content=\"de_DE\" \/>\n<meta property=\"og:type\" content=\"article\" \/>\n<meta property=\"og:title\" content=\"Wooden Honey Spoon | Honey Jar Honey Spoon Stirring Stick Stirring Rod - Multifunctional Honey Glass Mixing Spoon for Holidays, Lovers, Families - PureHiveHoney\" \/>\n<meta property=\"og:description\" content=\"Entdecken Sie hochwertigen Rohhonig, Bio Honig, Manuka Honig und nat\u00fcrliche Bienenprodukte. PureHiveHoney hilft Ihnen dabei, sorgf\u00e4ltig ausgew\u00e4hlte Honigsorten mit nat\u00fcrlicher Qualit\u00e4t und Reinheit zu entdecken.\" \/>\n<meta property=\"og:url\" content=\"https:\/\/purehivehoney.com\/de\/product\/wooden-honey-spoon-honey-jar-honey-spoon-stirring-stick-stirring-rod-multifunctional-honey-glass-mixing-spoon-for-holidays-lovers-families\/\" \/>\n<meta property=\"og:site_name\" content=\"PureHiveHoney\" \/>\n<meta property=\"article:modified_time\" content=\"2026-03-16T07:21:43+00:00\" \/>\n<meta name=\"twitter:card\" content=\"summary_large_image\" \/>\n<meta name=\"twitter:label1\" content=\"Gesch\u00e4tzte Lesezeit\" \/>\n\t<meta name=\"twitter:data1\" content=\"1\u00a0Minute\" \/>\n<script type=\"application\/ld+json\" class=\"yoast-schema-graph\">{\"@context\":\"https:\\\/\\\/schema.org\",\"@graph\":[{\"@type\":\"WebPage\",\"@id\":\"https:\\\/\\\/purehivehoney.com\\\/de\\\/product\\\/wooden-honey-spoon-honey-jar-honey-spoon-stirring-stick-stirring-rod-multifunctional-honey-glass-mixing-spoon-for-holidays-lovers-families\\\/\",\"url\":\"https:\\\/\\\/purehivehoney.com\\\/de\\\/product\\\/wooden-honey-spoon-honey-jar-honey-spoon-stirring-stick-stirring-rod-multifunctional-honey-glass-mixing-spoon-for-holidays-lovers-families\\\/\",\"name\":\"Wooden Honey Spoon | Honey Jar Honey Spoon Stirring Stick Stirring Rod - Multifunctional Honey Glass Mixing Spoon for Holidays, Lovers, Families - PureHiveHoney\",\"isPartOf\":{\"@id\":\"https:\\\/\\\/purehivehoney.com\\\/de\\\/#website\"},\"primaryImageOfPage\":{\"@id\":\"https:\\\/\\\/purehivehoney.com\\\/de\\\/product\\\/wooden-honey-spoon-honey-jar-honey-spoon-stirring-stick-stirring-rod-multifunctional-honey-glass-mixing-spoon-for-holidays-lovers-families\\\/#primaryimage\"},\"image\":{\"@id\":\"https:\\\/\\\/purehivehoney.com\\\/de\\\/product\\\/wooden-honey-spoon-honey-jar-honey-spoon-stirring-stick-stirring-rod-multifunctional-honey-glass-mixing-spoon-for-holidays-lovers-families\\\/#primaryimage\"},\"thumbnailUrl\":\"https:\\\/\\\/purehivehoney.com\\\/de\\\/wp-content\\\/uploads\\\/2026\\\/03\\\/51RIiDB7hoL._AC_SL1500_.jpg\",\"datePublished\":\"2026-03-16T07:21:24+00:00\",\"dateModified\":\"2026-03-16T07:21:43+00:00\",\"description\":\"Entdecken Sie hochwertigen Rohhonig, Bio Honig, Manuka Honig und nat\u00fcrliche Bienenprodukte. PureHiveHoney hilft Ihnen dabei, sorgf\u00e4ltig ausgew\u00e4hlte Honigsorten mit nat\u00fcrlicher Qualit\u00e4t und Reinheit zu entdecken.\",\"breadcrumb\":{\"@id\":\"https:\\\/\\\/purehivehoney.com\\\/de\\\/product\\\/wooden-honey-spoon-honey-jar-honey-spoon-stirring-stick-stirring-rod-multifunctional-honey-glass-mixing-spoon-for-holidays-lovers-families\\\/#breadcrumb\"},\"inLanguage\":\"de\",\"potentialAction\":[{\"@type\":\"ReadAction\",\"target\":[\"https:\\\/\\\/purehivehoney.com\\\/de\\\/product\\\/wooden-honey-spoon-honey-jar-honey-spoon-stirring-stick-stirring-rod-multifunctional-honey-glass-mixing-spoon-for-holidays-lovers-families\\\/\"]}]},{\"@type\":\"ImageObject\",\"inLanguage\":\"de\",\"@id\":\"https:\\\/\\\/purehivehoney.com\\\/de\\\/product\\\/wooden-honey-spoon-honey-jar-honey-spoon-stirring-stick-stirring-rod-multifunctional-honey-glass-mixing-spoon-for-holidays-lovers-families\\\/#primaryimage\",\"url\":\"https:\\\/\\\/purehivehoney.com\\\/de\\\/wp-content\\\/uploads\\\/2026\\\/03\\\/51RIiDB7hoL._AC_SL1500_.jpg\",\"contentUrl\":\"https:\\\/\\\/purehivehoney.com\\\/de\\\/wp-content\\\/uploads\\\/2026\\\/03\\\/51RIiDB7hoL._AC_SL1500_.jpg\",\"width\":953,\"height\":1435},{\"@type\":\"BreadcrumbList\",\"@id\":\"https:\\\/\\\/purehivehoney.com\\\/de\\\/product\\\/wooden-honey-spoon-honey-jar-honey-spoon-stirring-stick-stirring-rod-multifunctional-honey-glass-mixing-spoon-for-holidays-lovers-families\\\/#breadcrumb\",\"itemListElement\":[{\"@type\":\"ListItem\",\"position\":1,\"name\":\"Home\",\"item\":\"https:\\\/\\\/purehivehoney.com\\\/de\\\/\"},{\"@type\":\"ListItem\",\"position\":2,\"name\":\"Shop\",\"item\":\"https:\\\/\\\/purehivehoney.com\\\/de\\\/shop\\\/\"},{\"@type\":\"ListItem\",\"position\":3,\"name\":\"Wooden Honey Spoon | Honey Jar Hone...\"}]},{\"@type\":\"WebSite\",\"@id\":\"https:\\\/\\\/purehivehoney.com\\\/de\\\/#website\",\"url\":\"https:\\\/\\\/purehivehoney.com\\\/de\\\/\",\"name\":\"PureHiveHoney\",\"description\":\"Reiner Honig &amp; Bienenprodukte Online | Rohhonig, Bio Honig &amp; Spezialhonig\",\"publisher\":{\"@id\":\"https:\\\/\\\/purehivehoney.com\\\/de\\\/#organization\"},\"potentialAction\":[{\"@type\":\"SearchAction\",\"target\":{\"@type\":\"EntryPoint\",\"urlTemplate\":\"https:\\\/\\\/purehivehoney.com\\\/de\\\/?s={search_term_string}\"},\"query-input\":{\"@type\":\"PropertyValueSpecification\",\"valueRequired\":true,\"valueName\":\"search_term_string\"}}],\"inLanguage\":\"de\"},{\"@type\":\"Organization\",\"@id\":\"https:\\\/\\\/purehivehoney.com\\\/de\\\/#organization\",\"name\":\"PureHiveHoney\",\"url\":\"https:\\\/\\\/purehivehoney.com\\\/de\\\/\",\"logo\":{\"@type\":\"ImageObject\",\"inLanguage\":\"de\",\"@id\":\"https:\\\/\\\/purehivehoney.com\\\/de\\\/#\\\/schema\\\/logo\\\/image\\\/\",\"url\":\"https:\\\/\\\/purehivehoney.com\\\/de\\\/wp-content\\\/uploads\\\/2026\\\/03\\\/Screenshot-2026-03-16-at-1.06.01-AM.png\",\"contentUrl\":\"https:\\\/\\\/purehivehoney.com\\\/de\\\/wp-content\\\/uploads\\\/2026\\\/03\\\/Screenshot-2026-03-16-at-1.06.01-AM.png\",\"width\":2112,\"height\":1086,\"caption\":\"PureHiveHoney\"},\"image\":{\"@id\":\"https:\\\/\\\/purehivehoney.com\\\/de\\\/#\\\/schema\\\/logo\\\/image\\\/\"}}]}<\/script>\n<!-- \/ Yoast SEO plugin. -->","yoast_head_json":{"title":"Wooden Honey Spoon | Honey Jar Honey Spoon Stirring Stick Stirring Rod - Multifunctional Honey Glass Mixing Spoon for Holidays, Lovers, Families - PureHiveHoney","description":"Entdecken Sie hochwertigen Rohhonig, Bio Honig, Manuka Honig und nat\u00fcrliche Bienenprodukte. PureHiveHoney hilft Ihnen dabei, sorgf\u00e4ltig ausgew\u00e4hlte Honigsorten mit nat\u00fcrlicher Qualit\u00e4t und Reinheit zu entdecken.","robots":{"index":"index","follow":"follow","max-snippet":"max-snippet:-1","max-image-preview":"max-image-preview:large","max-video-preview":"max-video-preview:-1"},"canonical":"https:\/\/purehivehoney.com\/de\/product\/wooden-honey-spoon-honey-jar-honey-spoon-stirring-stick-stirring-rod-multifunctional-honey-glass-mixing-spoon-for-holidays-lovers-families\/","og_locale":"de_DE","og_type":"article","og_title":"Wooden Honey Spoon | Honey Jar Honey Spoon Stirring Stick Stirring Rod - Multifunctional Honey Glass Mixing Spoon for Holidays, Lovers, Families - PureHiveHoney","og_description":"Entdecken Sie hochwertigen Rohhonig, Bio Honig, Manuka Honig und nat\u00fcrliche Bienenprodukte. PureHiveHoney hilft Ihnen dabei, sorgf\u00e4ltig ausgew\u00e4hlte Honigsorten mit nat\u00fcrlicher Qualit\u00e4t und Reinheit zu entdecken.","og_url":"https:\/\/purehivehoney.com\/de\/product\/wooden-honey-spoon-honey-jar-honey-spoon-stirring-stick-stirring-rod-multifunctional-honey-glass-mixing-spoon-for-holidays-lovers-families\/","og_site_name":"PureHiveHoney","article_modified_time":"2026-03-16T07:21:43+00:00","twitter_card":"summary_large_image","twitter_misc":{"Gesch\u00e4tzte Lesezeit":"1\u00a0Minute"},"schema":{"@context":"https:\/\/schema.org","@graph":[{"@type":"WebPage","@id":"https:\/\/purehivehoney.com\/de\/product\/wooden-honey-spoon-honey-jar-honey-spoon-stirring-stick-stirring-rod-multifunctional-honey-glass-mixing-spoon-for-holidays-lovers-families\/","url":"https:\/\/purehivehoney.com\/de\/product\/wooden-honey-spoon-honey-jar-honey-spoon-stirring-stick-stirring-rod-multifunctional-honey-glass-mixing-spoon-for-holidays-lovers-families\/","name":"Wooden Honey Spoon | Honey Jar Honey Spoon Stirring Stick Stirring Rod - Multifunctional Honey Glass Mixing Spoon for Holidays, Lovers, Families - PureHiveHoney","isPartOf":{"@id":"https:\/\/purehivehoney.com\/de\/#website"},"primaryImageOfPage":{"@id":"https:\/\/purehivehoney.com\/de\/product\/wooden-honey-spoon-honey-jar-honey-spoon-stirring-stick-stirring-rod-multifunctional-honey-glass-mixing-spoon-for-holidays-lovers-families\/#primaryimage"},"image":{"@id":"https:\/\/purehivehoney.com\/de\/product\/wooden-honey-spoon-honey-jar-honey-spoon-stirring-stick-stirring-rod-multifunctional-honey-glass-mixing-spoon-for-holidays-lovers-families\/#primaryimage"},"thumbnailUrl":"https:\/\/purehivehoney.com\/de\/wp-content\/uploads\/2026\/03\/51RIiDB7hoL._AC_SL1500_.jpg","datePublished":"2026-03-16T07:21:24+00:00","dateModified":"2026-03-16T07:21:43+00:00","description":"Entdecken Sie hochwertigen Rohhonig, Bio Honig, Manuka Honig und nat\u00fcrliche Bienenprodukte. PureHiveHoney hilft Ihnen dabei, sorgf\u00e4ltig ausgew\u00e4hlte Honigsorten mit nat\u00fcrlicher Qualit\u00e4t und Reinheit zu entdecken.","breadcrumb":{"@id":"https:\/\/purehivehoney.com\/de\/product\/wooden-honey-spoon-honey-jar-honey-spoon-stirring-stick-stirring-rod-multifunctional-honey-glass-mixing-spoon-for-holidays-lovers-families\/#breadcrumb"},"inLanguage":"de","potentialAction":[{"@type":"ReadAction","target":["https:\/\/purehivehoney.com\/de\/product\/wooden-honey-spoon-honey-jar-honey-spoon-stirring-stick-stirring-rod-multifunctional-honey-glass-mixing-spoon-for-holidays-lovers-families\/"]}]},{"@type":"ImageObject","inLanguage":"de","@id":"https:\/\/purehivehoney.com\/de\/product\/wooden-honey-spoon-honey-jar-honey-spoon-stirring-stick-stirring-rod-multifunctional-honey-glass-mixing-spoon-for-holidays-lovers-families\/#primaryimage","url":"https:\/\/purehivehoney.com\/de\/wp-content\/uploads\/2026\/03\/51RIiDB7hoL._AC_SL1500_.jpg","contentUrl":"https:\/\/purehivehoney.com\/de\/wp-content\/uploads\/2026\/03\/51RIiDB7hoL._AC_SL1500_.jpg","width":953,"height":1435},{"@type":"BreadcrumbList","@id":"https:\/\/purehivehoney.com\/de\/product\/wooden-honey-spoon-honey-jar-honey-spoon-stirring-stick-stirring-rod-multifunctional-honey-glass-mixing-spoon-for-holidays-lovers-families\/#breadcrumb","itemListElement":[{"@type":"ListItem","position":1,"name":"Home","item":"https:\/\/purehivehoney.com\/de\/"},{"@type":"ListItem","position":2,"name":"Shop","item":"https:\/\/purehivehoney.com\/de\/shop\/"},{"@type":"ListItem","position":3,"name":"Wooden Honey Spoon | Honey Jar Hone..."}]},{"@type":"WebSite","@id":"https:\/\/purehivehoney.com\/de\/#website","url":"https:\/\/purehivehoney.com\/de\/","name":"PureHiveHoney","description":"Reiner Honig &amp; Bienenprodukte Online | Rohhonig, Bio Honig &amp; Spezialhonig","publisher":{"@id":"https:\/\/purehivehoney.com\/de\/#organization"},"potentialAction":[{"@type":"SearchAction","target":{"@type":"EntryPoint","urlTemplate":"https:\/\/purehivehoney.com\/de\/?s={search_term_string}"},"query-input":{"@type":"PropertyValueSpecification","valueRequired":true,"valueName":"search_term_string"}}],"inLanguage":"de"},{"@type":"Organization","@id":"https:\/\/purehivehoney.com\/de\/#organization","name":"PureHiveHoney","url":"https:\/\/purehivehoney.com\/de\/","logo":{"@type":"ImageObject","inLanguage":"de","@id":"https:\/\/purehivehoney.com\/de\/#\/schema\/logo\/image\/","url":"https:\/\/purehivehoney.com\/de\/wp-content\/uploads\/2026\/03\/Screenshot-2026-03-16-at-1.06.01-AM.png","contentUrl":"https:\/\/purehivehoney.com\/de\/wp-content\/uploads\/2026\/03\/Screenshot-2026-03-16-at-1.06.01-AM.png","width":2112,"height":1086,"caption":"PureHiveHoney"},"image":{"@id":"https:\/\/purehivehoney.com\/de\/#\/schema\/logo\/image\/"}}]}},"_links":{"self":[{"href":"https:\/\/purehivehoney.com\/de\/wp-json\/wp\/v2\/product\/1028","targetHints":{"allow":["GET"]}}],"collection":[{"href":"https:\/\/purehivehoney.com\/de\/wp-json\/wp\/v2\/product"}],"about":[{"href":"https:\/\/purehivehoney.com\/de\/wp-json\/wp\/v2\/types\/product"}],"replies":[{"embeddable":true,"href":"https:\/\/purehivehoney.com\/de\/wp-json\/wp\/v2\/comments?post=1028"}],"wp:featuredmedia":[{"embeddable":true,"href":"https:\/\/purehivehoney.com\/de\/wp-json\/wp\/v2\/media\/1029"}],"wp:attachment":[{"href":"https:\/\/purehivehoney.com\/de\/wp-json\/wp\/v2\/media?parent=1028"}],"wp:term":[{"taxonomy":"store","embeddable":true,"href":"https:\/\/purehivehoney.com\/de\/wp-json\/wp\/v2\/store?post=1028"},{"taxonomy":"product_brand","embeddable":true,"href":"https:\/\/purehivehoney.com\/de\/wp-json\/wp\/v2\/product_brand?post=1028"},{"taxonomy":"product_cat","embeddable":true,"href":"https:\/\/purehivehoney.com\/de\/wp-json\/wp\/v2\/product_cat?post=1028"},{"taxonomy":"product_tag","embeddable":true,"href":"https:\/\/purehivehoney.com\/de\/wp-json\/wp\/v2\/product_tag?post=1028"}],"curies":[{"name":"wp","href":"https:\/\/api.w.org\/{rel}","templated":true}]}}