{"id":1020,"date":"2026-03-16T07:19:32","date_gmt":"2026-03-16T07:19:32","guid":{"rendered":"https:\/\/purehivehoney.com\/de\/product\/glass-honey-pot-honey-jar-with-honey-container-and-honey-spoon-transparent-honey-dispenser-with-lid-honey-jars-in-beehive-shape-for-serving-honey-and-syrup\/"},"modified":"2026-03-16T07:19:45","modified_gmt":"2026-03-16T07:19:45","slug":"glass-honey-pot-honey-jar-with-honey-container-and-honey-spoon-transparent-honey-dispenser-with-lid-honey-jars-in-beehive-shape-for-serving-honey-and-syrup","status":"publish","type":"product","link":"https:\/\/purehivehoney.com\/de\/product\/glass-honey-pot-honey-jar-with-honey-container-and-honey-spoon-transparent-honey-dispenser-with-lid-honey-jars-in-beehive-shape-for-serving-honey-and-syrup\/","title":{"rendered":"Glass Honey Pot &#8211; Honey Jar w..."},"content":{"rendered":"<p>    <span><br \/>INNOVATIVE DESIGN Serve honey to your friends and family. The glass honey container has a beehive shape and bee elements that your guests are sure to love. <br \/>PERFECT GIFT FOR HONEY LOVERS &#8211; This classic and modern design is a beautiful addition to your breakfast table. The honey jar and dipper set are beautiful and practical gifts. <br \/>Description: <br \/>Honey stays fresh and easily accessible in this cute little honey pot with lid. There is an opening on the side to hold the spoon. <br \/>Features: <br \/>1. Food safe, transparent, large capacity <br \/>2. Unique beehive shape, decorated with bees. <br \/>3. The side opening is used to place the bee spoon. <br \/>Specification: <br \/>Name:Honey Jar with Spoon and Lid <br \/>Material: glass with high boron content <br \/>Size: approx. 13.5 x 10 x cm \/ 5.31 x 3.94 inches. <br \/>Package includes: <br \/>1 x glass honey container. <br \/>1 x honey sticks. <br \/>Notes: <br \/>Due to lighting effects and shooting angle, the colour of the item and the colour shown in the picture may have a nuance. <br \/>Due to manual measurement, there may be a difference in product size.<\/span>    <br \/>Reliable Material The honey jar is made of elegant borosilicate glass, food grade, odorless, environmentally friendly, beautiful, transparent, with large capacity.<br \/>Easy to use: the glass honey pot can be used to store honey and syrup. Simply add honey to hot drinks or bread without staining other utensils and without causing sticky mess.<br \/>PERFECT DESIGN &#8211; Our honey jars with lids keep the honey fresh and easily accessible. There is an opening on the side for easy removal of honey spoons.<br \/>INNOVATIVE DESIGN Serve honey to your friends and family. The glass honey container has a beehive shape and bee elements that your guests are sure to love.<br \/>PERFECT GIFT FOR HONEY LOVERS &#8211; This classic and modern design is a beautiful addition to your breakfast table. The honey jar and dipper set are beautiful and practical gifts<\/p>\n\n","protected":false},"excerpt":{"rendered":"<p>INNOVATIVE DESIGN Serve honey to your friends and family. The glass honey container has a beehive shape and bee elements that your guests are sure to love. PERFECT GIFT FOR HONEY LOVERS &#8211; This classic and modern design is a beautiful addition to your breakfast table. The honey jar and dipper set are beautiful and [&hellip;]<\/p>\n","protected":false},"featured_media":1021,"comment_status":"open","ping_status":"closed","template":"","meta":{"_aipt_faq_data":""},"store":[],"product_brand":[250],"product_cat":[74],"product_tag":[162],"class_list":{"0":"post-1020","1":"product","2":"type-product","3":"status-publish","4":"has-post-thumbnail","6":"product_brand-sgerste","7":"product_cat-honigglaser","8":"product_tag-honigglaeser-aus-glas","10":"first","11":"instock","12":"shipping-taxable","13":"product-type-external"},"yoast_head":"<!-- This site is optimized with the Yoast SEO plugin v27.4 - https:\/\/yoast.com\/product\/yoast-seo-wordpress\/ -->\n<title>Glass Honey Pot - Honey Jar with Honey Container and Honey Spoon | Transparent Honey Dispenser with Lid | Honey Jars in Beehive Shape for Serving Honey and Syrup - PureHiveHoney<\/title>\n<meta name=\"description\" content=\"Entdecken Sie hochwertigen Rohhonig, Bio Honig, Manuka Honig und nat\u00fcrliche Bienenprodukte. PureHiveHoney hilft Ihnen dabei, sorgf\u00e4ltig ausgew\u00e4hlte Honigsorten mit nat\u00fcrlicher Qualit\u00e4t und Reinheit zu entdecken.\" \/>\n<meta name=\"robots\" content=\"index, follow, max-snippet:-1, max-image-preview:large, max-video-preview:-1\" \/>\n<link rel=\"canonical\" href=\"https:\/\/purehivehoney.com\/de\/product\/glass-honey-pot-honey-jar-with-honey-container-and-honey-spoon-transparent-honey-dispenser-with-lid-honey-jars-in-beehive-shape-for-serving-honey-and-syrup\/\" \/>\n<meta property=\"og:locale\" content=\"de_DE\" \/>\n<meta property=\"og:type\" content=\"article\" \/>\n<meta property=\"og:title\" content=\"Glass Honey Pot - Honey Jar with Honey Container and Honey Spoon | Transparent Honey Dispenser with Lid | Honey Jars in Beehive Shape for Serving Honey and Syrup - PureHiveHoney\" \/>\n<meta property=\"og:description\" content=\"Entdecken Sie hochwertigen Rohhonig, Bio Honig, Manuka Honig und nat\u00fcrliche Bienenprodukte. PureHiveHoney hilft Ihnen dabei, sorgf\u00e4ltig ausgew\u00e4hlte Honigsorten mit nat\u00fcrlicher Qualit\u00e4t und Reinheit zu entdecken.\" \/>\n<meta property=\"og:url\" content=\"https:\/\/purehivehoney.com\/de\/product\/glass-honey-pot-honey-jar-with-honey-container-and-honey-spoon-transparent-honey-dispenser-with-lid-honey-jars-in-beehive-shape-for-serving-honey-and-syrup\/\" \/>\n<meta property=\"og:site_name\" content=\"PureHiveHoney\" \/>\n<meta property=\"article:modified_time\" content=\"2026-03-16T07:19:45+00:00\" \/>\n<meta name=\"twitter:card\" content=\"summary_large_image\" \/>\n<meta name=\"twitter:label1\" content=\"Gesch\u00e4tzte Lesezeit\" \/>\n\t<meta name=\"twitter:data1\" content=\"2\u00a0Minuten\" \/>\n<script type=\"application\/ld+json\" class=\"yoast-schema-graph\">{\"@context\":\"https:\\\/\\\/schema.org\",\"@graph\":[{\"@type\":\"WebPage\",\"@id\":\"https:\\\/\\\/purehivehoney.com\\\/de\\\/product\\\/glass-honey-pot-honey-jar-with-honey-container-and-honey-spoon-transparent-honey-dispenser-with-lid-honey-jars-in-beehive-shape-for-serving-honey-and-syrup\\\/\",\"url\":\"https:\\\/\\\/purehivehoney.com\\\/de\\\/product\\\/glass-honey-pot-honey-jar-with-honey-container-and-honey-spoon-transparent-honey-dispenser-with-lid-honey-jars-in-beehive-shape-for-serving-honey-and-syrup\\\/\",\"name\":\"Glass Honey Pot - Honey Jar with Honey Container and Honey Spoon | Transparent Honey Dispenser with Lid | Honey Jars in Beehive Shape for Serving Honey and Syrup - PureHiveHoney\",\"isPartOf\":{\"@id\":\"https:\\\/\\\/purehivehoney.com\\\/de\\\/#website\"},\"primaryImageOfPage\":{\"@id\":\"https:\\\/\\\/purehivehoney.com\\\/de\\\/product\\\/glass-honey-pot-honey-jar-with-honey-container-and-honey-spoon-transparent-honey-dispenser-with-lid-honey-jars-in-beehive-shape-for-serving-honey-and-syrup\\\/#primaryimage\"},\"image\":{\"@id\":\"https:\\\/\\\/purehivehoney.com\\\/de\\\/product\\\/glass-honey-pot-honey-jar-with-honey-container-and-honey-spoon-transparent-honey-dispenser-with-lid-honey-jars-in-beehive-shape-for-serving-honey-and-syrup\\\/#primaryimage\"},\"thumbnailUrl\":\"https:\\\/\\\/purehivehoney.com\\\/de\\\/wp-content\\\/uploads\\\/2026\\\/03\\\/61ruggy0TxL._AC_SL1200_.jpg\",\"datePublished\":\"2026-03-16T07:19:32+00:00\",\"dateModified\":\"2026-03-16T07:19:45+00:00\",\"description\":\"Entdecken Sie hochwertigen Rohhonig, Bio Honig, Manuka Honig und nat\u00fcrliche Bienenprodukte. PureHiveHoney hilft Ihnen dabei, sorgf\u00e4ltig ausgew\u00e4hlte Honigsorten mit nat\u00fcrlicher Qualit\u00e4t und Reinheit zu entdecken.\",\"breadcrumb\":{\"@id\":\"https:\\\/\\\/purehivehoney.com\\\/de\\\/product\\\/glass-honey-pot-honey-jar-with-honey-container-and-honey-spoon-transparent-honey-dispenser-with-lid-honey-jars-in-beehive-shape-for-serving-honey-and-syrup\\\/#breadcrumb\"},\"inLanguage\":\"de\",\"potentialAction\":[{\"@type\":\"ReadAction\",\"target\":[\"https:\\\/\\\/purehivehoney.com\\\/de\\\/product\\\/glass-honey-pot-honey-jar-with-honey-container-and-honey-spoon-transparent-honey-dispenser-with-lid-honey-jars-in-beehive-shape-for-serving-honey-and-syrup\\\/\"]}]},{\"@type\":\"ImageObject\",\"inLanguage\":\"de\",\"@id\":\"https:\\\/\\\/purehivehoney.com\\\/de\\\/product\\\/glass-honey-pot-honey-jar-with-honey-container-and-honey-spoon-transparent-honey-dispenser-with-lid-honey-jars-in-beehive-shape-for-serving-honey-and-syrup\\\/#primaryimage\",\"url\":\"https:\\\/\\\/purehivehoney.com\\\/de\\\/wp-content\\\/uploads\\\/2026\\\/03\\\/61ruggy0TxL._AC_SL1200_.jpg\",\"contentUrl\":\"https:\\\/\\\/purehivehoney.com\\\/de\\\/wp-content\\\/uploads\\\/2026\\\/03\\\/61ruggy0TxL._AC_SL1200_.jpg\",\"width\":788,\"height\":1193},{\"@type\":\"BreadcrumbList\",\"@id\":\"https:\\\/\\\/purehivehoney.com\\\/de\\\/product\\\/glass-honey-pot-honey-jar-with-honey-container-and-honey-spoon-transparent-honey-dispenser-with-lid-honey-jars-in-beehive-shape-for-serving-honey-and-syrup\\\/#breadcrumb\",\"itemListElement\":[{\"@type\":\"ListItem\",\"position\":1,\"name\":\"Home\",\"item\":\"https:\\\/\\\/purehivehoney.com\\\/de\\\/\"},{\"@type\":\"ListItem\",\"position\":2,\"name\":\"Shop\",\"item\":\"https:\\\/\\\/purehivehoney.com\\\/de\\\/shop\\\/\"},{\"@type\":\"ListItem\",\"position\":3,\"name\":\"Glass Honey Pot &#8211; Honey Jar w...\"}]},{\"@type\":\"WebSite\",\"@id\":\"https:\\\/\\\/purehivehoney.com\\\/de\\\/#website\",\"url\":\"https:\\\/\\\/purehivehoney.com\\\/de\\\/\",\"name\":\"PureHiveHoney\",\"description\":\"Reiner Honig &amp; Bienenprodukte Online | Rohhonig, Bio Honig &amp; Spezialhonig\",\"publisher\":{\"@id\":\"https:\\\/\\\/purehivehoney.com\\\/de\\\/#organization\"},\"potentialAction\":[{\"@type\":\"SearchAction\",\"target\":{\"@type\":\"EntryPoint\",\"urlTemplate\":\"https:\\\/\\\/purehivehoney.com\\\/de\\\/?s={search_term_string}\"},\"query-input\":{\"@type\":\"PropertyValueSpecification\",\"valueRequired\":true,\"valueName\":\"search_term_string\"}}],\"inLanguage\":\"de\"},{\"@type\":\"Organization\",\"@id\":\"https:\\\/\\\/purehivehoney.com\\\/de\\\/#organization\",\"name\":\"PureHiveHoney\",\"url\":\"https:\\\/\\\/purehivehoney.com\\\/de\\\/\",\"logo\":{\"@type\":\"ImageObject\",\"inLanguage\":\"de\",\"@id\":\"https:\\\/\\\/purehivehoney.com\\\/de\\\/#\\\/schema\\\/logo\\\/image\\\/\",\"url\":\"https:\\\/\\\/purehivehoney.com\\\/de\\\/wp-content\\\/uploads\\\/2026\\\/03\\\/Screenshot-2026-03-16-at-1.06.01-AM.png\",\"contentUrl\":\"https:\\\/\\\/purehivehoney.com\\\/de\\\/wp-content\\\/uploads\\\/2026\\\/03\\\/Screenshot-2026-03-16-at-1.06.01-AM.png\",\"width\":2112,\"height\":1086,\"caption\":\"PureHiveHoney\"},\"image\":{\"@id\":\"https:\\\/\\\/purehivehoney.com\\\/de\\\/#\\\/schema\\\/logo\\\/image\\\/\"}}]}<\/script>\n<!-- \/ Yoast SEO plugin. -->","yoast_head_json":{"title":"Glass Honey Pot - Honey Jar with Honey Container and Honey Spoon | Transparent Honey Dispenser with Lid | Honey Jars in Beehive Shape for Serving Honey and Syrup - PureHiveHoney","description":"Entdecken Sie hochwertigen Rohhonig, Bio Honig, Manuka Honig und nat\u00fcrliche Bienenprodukte. PureHiveHoney hilft Ihnen dabei, sorgf\u00e4ltig ausgew\u00e4hlte Honigsorten mit nat\u00fcrlicher Qualit\u00e4t und Reinheit zu entdecken.","robots":{"index":"index","follow":"follow","max-snippet":"max-snippet:-1","max-image-preview":"max-image-preview:large","max-video-preview":"max-video-preview:-1"},"canonical":"https:\/\/purehivehoney.com\/de\/product\/glass-honey-pot-honey-jar-with-honey-container-and-honey-spoon-transparent-honey-dispenser-with-lid-honey-jars-in-beehive-shape-for-serving-honey-and-syrup\/","og_locale":"de_DE","og_type":"article","og_title":"Glass Honey Pot - Honey Jar with Honey Container and Honey Spoon | Transparent Honey Dispenser with Lid | Honey Jars in Beehive Shape for Serving Honey and Syrup - PureHiveHoney","og_description":"Entdecken Sie hochwertigen Rohhonig, Bio Honig, Manuka Honig und nat\u00fcrliche Bienenprodukte. PureHiveHoney hilft Ihnen dabei, sorgf\u00e4ltig ausgew\u00e4hlte Honigsorten mit nat\u00fcrlicher Qualit\u00e4t und Reinheit zu entdecken.","og_url":"https:\/\/purehivehoney.com\/de\/product\/glass-honey-pot-honey-jar-with-honey-container-and-honey-spoon-transparent-honey-dispenser-with-lid-honey-jars-in-beehive-shape-for-serving-honey-and-syrup\/","og_site_name":"PureHiveHoney","article_modified_time":"2026-03-16T07:19:45+00:00","twitter_card":"summary_large_image","twitter_misc":{"Gesch\u00e4tzte Lesezeit":"2\u00a0Minuten"},"schema":{"@context":"https:\/\/schema.org","@graph":[{"@type":"WebPage","@id":"https:\/\/purehivehoney.com\/de\/product\/glass-honey-pot-honey-jar-with-honey-container-and-honey-spoon-transparent-honey-dispenser-with-lid-honey-jars-in-beehive-shape-for-serving-honey-and-syrup\/","url":"https:\/\/purehivehoney.com\/de\/product\/glass-honey-pot-honey-jar-with-honey-container-and-honey-spoon-transparent-honey-dispenser-with-lid-honey-jars-in-beehive-shape-for-serving-honey-and-syrup\/","name":"Glass Honey Pot - Honey Jar with Honey Container and Honey Spoon | Transparent Honey Dispenser with Lid | Honey Jars in Beehive Shape for Serving Honey and Syrup - PureHiveHoney","isPartOf":{"@id":"https:\/\/purehivehoney.com\/de\/#website"},"primaryImageOfPage":{"@id":"https:\/\/purehivehoney.com\/de\/product\/glass-honey-pot-honey-jar-with-honey-container-and-honey-spoon-transparent-honey-dispenser-with-lid-honey-jars-in-beehive-shape-for-serving-honey-and-syrup\/#primaryimage"},"image":{"@id":"https:\/\/purehivehoney.com\/de\/product\/glass-honey-pot-honey-jar-with-honey-container-and-honey-spoon-transparent-honey-dispenser-with-lid-honey-jars-in-beehive-shape-for-serving-honey-and-syrup\/#primaryimage"},"thumbnailUrl":"https:\/\/purehivehoney.com\/de\/wp-content\/uploads\/2026\/03\/61ruggy0TxL._AC_SL1200_.jpg","datePublished":"2026-03-16T07:19:32+00:00","dateModified":"2026-03-16T07:19:45+00:00","description":"Entdecken Sie hochwertigen Rohhonig, Bio Honig, Manuka Honig und nat\u00fcrliche Bienenprodukte. PureHiveHoney hilft Ihnen dabei, sorgf\u00e4ltig ausgew\u00e4hlte Honigsorten mit nat\u00fcrlicher Qualit\u00e4t und Reinheit zu entdecken.","breadcrumb":{"@id":"https:\/\/purehivehoney.com\/de\/product\/glass-honey-pot-honey-jar-with-honey-container-and-honey-spoon-transparent-honey-dispenser-with-lid-honey-jars-in-beehive-shape-for-serving-honey-and-syrup\/#breadcrumb"},"inLanguage":"de","potentialAction":[{"@type":"ReadAction","target":["https:\/\/purehivehoney.com\/de\/product\/glass-honey-pot-honey-jar-with-honey-container-and-honey-spoon-transparent-honey-dispenser-with-lid-honey-jars-in-beehive-shape-for-serving-honey-and-syrup\/"]}]},{"@type":"ImageObject","inLanguage":"de","@id":"https:\/\/purehivehoney.com\/de\/product\/glass-honey-pot-honey-jar-with-honey-container-and-honey-spoon-transparent-honey-dispenser-with-lid-honey-jars-in-beehive-shape-for-serving-honey-and-syrup\/#primaryimage","url":"https:\/\/purehivehoney.com\/de\/wp-content\/uploads\/2026\/03\/61ruggy0TxL._AC_SL1200_.jpg","contentUrl":"https:\/\/purehivehoney.com\/de\/wp-content\/uploads\/2026\/03\/61ruggy0TxL._AC_SL1200_.jpg","width":788,"height":1193},{"@type":"BreadcrumbList","@id":"https:\/\/purehivehoney.com\/de\/product\/glass-honey-pot-honey-jar-with-honey-container-and-honey-spoon-transparent-honey-dispenser-with-lid-honey-jars-in-beehive-shape-for-serving-honey-and-syrup\/#breadcrumb","itemListElement":[{"@type":"ListItem","position":1,"name":"Home","item":"https:\/\/purehivehoney.com\/de\/"},{"@type":"ListItem","position":2,"name":"Shop","item":"https:\/\/purehivehoney.com\/de\/shop\/"},{"@type":"ListItem","position":3,"name":"Glass Honey Pot &#8211; Honey Jar w..."}]},{"@type":"WebSite","@id":"https:\/\/purehivehoney.com\/de\/#website","url":"https:\/\/purehivehoney.com\/de\/","name":"PureHiveHoney","description":"Reiner Honig &amp; Bienenprodukte Online | Rohhonig, Bio Honig &amp; Spezialhonig","publisher":{"@id":"https:\/\/purehivehoney.com\/de\/#organization"},"potentialAction":[{"@type":"SearchAction","target":{"@type":"EntryPoint","urlTemplate":"https:\/\/purehivehoney.com\/de\/?s={search_term_string}"},"query-input":{"@type":"PropertyValueSpecification","valueRequired":true,"valueName":"search_term_string"}}],"inLanguage":"de"},{"@type":"Organization","@id":"https:\/\/purehivehoney.com\/de\/#organization","name":"PureHiveHoney","url":"https:\/\/purehivehoney.com\/de\/","logo":{"@type":"ImageObject","inLanguage":"de","@id":"https:\/\/purehivehoney.com\/de\/#\/schema\/logo\/image\/","url":"https:\/\/purehivehoney.com\/de\/wp-content\/uploads\/2026\/03\/Screenshot-2026-03-16-at-1.06.01-AM.png","contentUrl":"https:\/\/purehivehoney.com\/de\/wp-content\/uploads\/2026\/03\/Screenshot-2026-03-16-at-1.06.01-AM.png","width":2112,"height":1086,"caption":"PureHiveHoney"},"image":{"@id":"https:\/\/purehivehoney.com\/de\/#\/schema\/logo\/image\/"}}]}},"_links":{"self":[{"href":"https:\/\/purehivehoney.com\/de\/wp-json\/wp\/v2\/product\/1020","targetHints":{"allow":["GET"]}}],"collection":[{"href":"https:\/\/purehivehoney.com\/de\/wp-json\/wp\/v2\/product"}],"about":[{"href":"https:\/\/purehivehoney.com\/de\/wp-json\/wp\/v2\/types\/product"}],"replies":[{"embeddable":true,"href":"https:\/\/purehivehoney.com\/de\/wp-json\/wp\/v2\/comments?post=1020"}],"wp:featuredmedia":[{"embeddable":true,"href":"https:\/\/purehivehoney.com\/de\/wp-json\/wp\/v2\/media\/1021"}],"wp:attachment":[{"href":"https:\/\/purehivehoney.com\/de\/wp-json\/wp\/v2\/media?parent=1020"}],"wp:term":[{"taxonomy":"store","embeddable":true,"href":"https:\/\/purehivehoney.com\/de\/wp-json\/wp\/v2\/store?post=1020"},{"taxonomy":"product_brand","embeddable":true,"href":"https:\/\/purehivehoney.com\/de\/wp-json\/wp\/v2\/product_brand?post=1020"},{"taxonomy":"product_cat","embeddable":true,"href":"https:\/\/purehivehoney.com\/de\/wp-json\/wp\/v2\/product_cat?post=1020"},{"taxonomy":"product_tag","embeddable":true,"href":"https:\/\/purehivehoney.com\/de\/wp-json\/wp\/v2\/product_tag?post=1020"}],"curies":[{"name":"wp","href":"https:\/\/api.w.org\/{rel}","templated":true}]}}