{"id":1012,"date":"2026-03-16T07:18:24","date_gmt":"2026-03-16T07:18:24","guid":{"rendered":"https:\/\/purehivehoney.com\/de\/product\/honey-dispenser-glass-syrup-dispenser-honey-jars-drip-free-honey-container-commercial-quality-honey-pot-with-handle-for-home-kitchen-honey-and-syrup-pack-of-2\/"},"modified":"2026-03-16T07:18:40","modified_gmt":"2026-03-16T07:18:40","slug":"honey-dispenser-glass-syrup-dispenser-honey-jars-drip-free-honey-container-commercial-quality-honey-pot-with-handle-for-home-kitchen-honey-and-syrup-pack-of-2","status":"publish","type":"product","link":"https:\/\/purehivehoney.com\/de\/product\/honey-dispenser-glass-syrup-dispenser-honey-jars-drip-free-honey-container-commercial-quality-honey-pot-with-handle-for-home-kitchen-honey-and-syrup-pack-of-2\/","title":{"rendered":"Honey Dispenser, Glass Syrup Dispen..."},"content":{"rendered":"<p>    <span>Product Features: <br \/>1. This kind of versatile honey pot can drip a thin layer of honey into your tea or steamed milk or toast, hot cereal, pancake or cornbread. <br \/>2. The crystal beehive honey container with attractive cone and plaid design adds a slight elegance to any table. This beautiful honey pot is a thoughtful and practical gift for your family, friends or colleagues! <br \/>Product details: <br \/>Material: glass. <br \/>Colour: transparent. <br \/>Capacity: 220ml <br \/>Package includes: <br \/>2 x Honey Dispenser 8oz <br \/><\/span>    <br \/>Opening and transparent design &#8211; The simple design opening of the honey dispenser makes it easier to add and remove fresh honey, the transparent material allows you to check the remaining amount of honey in the jar at any time so you can refill it in time, and the unique shape of the honey jar is also the most beautiful decoration for your kitchen tabletop, which fits perfectly into your decorative style.<br \/>Reliable Material &#8211; The honey jar is made of high quality clear thick glass with design texture on the surface, it looks elegant and generous, the material is odorless, you can store your favorite honey and keep it fresh continuously, and the sturdy material ensures it will last for a long time.<br \/>Proper Size &#8211; Our elegant glass honey pot dispenser has a full capacity of 240 ml, the maximum diameter of the jar is 5 inches, the height of the jar is 11.8 cm, and the diameter of the bottom of the jar is approx. 4 in. The handle is reasonable and convenient to use. It will not take up much space on a crowded table or counter.<br \/>Wide range of applications: not only use our leak proof glass syrup dispenser to add a splash of honey to your breakfast, but also can be filled with many syrups, such as maple syrup, honey syrup, agave syrup, blackstrap molasses syrup, chocolate syrup, cheese syrup, caramel and so on, it is definitely the ideal choice for your kitchen<br \/>Perfect Gift Our glass honey containers are designed with uniquely shaped transparent bottles, perfect for your kitchen, not only for your own use, but also an ideal gift for your loved ones, friends and cooking lovers. The unique charm of this honey holder catches the eye at first sight, it will be a favorite gift for everyone.<\/p>\n\n","protected":false},"excerpt":{"rendered":"<p>Product Features: 1. This kind of versatile honey pot can drip a thin layer of honey into your tea or steamed milk or toast, hot cereal, pancake or cornbread. 2. The crystal beehive honey container with attractive cone and plaid design adds a slight elegance to any table. This beautiful honey pot is a thoughtful [&hellip;]<\/p>\n","protected":false},"featured_media":1013,"comment_status":"open","ping_status":"closed","template":"","meta":{"_aipt_faq_data":""},"store":[],"product_brand":[249],"product_cat":[75],"product_tag":[161],"class_list":{"0":"post-1012","1":"product","2":"type-product","3":"status-publish","4":"has-post-thumbnail","6":"product_brand-yexexinm","7":"product_cat-honigspender","8":"product_tag-honigspender-fuer-die-kueche","10":"first","11":"instock","12":"shipping-taxable","13":"product-type-external"},"yoast_head":"<!-- This site is optimized with the Yoast SEO plugin v27.4 - https:\/\/yoast.com\/product\/yoast-seo-wordpress\/ -->\n<title>Honey Dispenser, Glass Syrup Dispenser, Honey Jars Drip Free Honey Container, Commercial Quality Honey Pot with Handle, for Home, Kitchen, Honey and Syrup, Pack of 2 - PureHiveHoney<\/title>\n<meta name=\"description\" content=\"Entdecken Sie hochwertigen Rohhonig, Bio Honig, Manuka Honig und nat\u00fcrliche Bienenprodukte. PureHiveHoney hilft Ihnen dabei, sorgf\u00e4ltig ausgew\u00e4hlte Honigsorten mit nat\u00fcrlicher Qualit\u00e4t und Reinheit zu entdecken.\" \/>\n<meta name=\"robots\" content=\"index, follow, max-snippet:-1, max-image-preview:large, max-video-preview:-1\" \/>\n<link rel=\"canonical\" href=\"https:\/\/purehivehoney.com\/de\/product\/honey-dispenser-glass-syrup-dispenser-honey-jars-drip-free-honey-container-commercial-quality-honey-pot-with-handle-for-home-kitchen-honey-and-syrup-pack-of-2\/\" \/>\n<meta property=\"og:locale\" content=\"de_DE\" \/>\n<meta property=\"og:type\" content=\"article\" \/>\n<meta property=\"og:title\" content=\"Honey Dispenser, Glass Syrup Dispenser, Honey Jars Drip Free Honey Container, Commercial Quality Honey Pot with Handle, for Home, Kitchen, Honey and Syrup, Pack of 2 - PureHiveHoney\" \/>\n<meta property=\"og:description\" content=\"Entdecken Sie hochwertigen Rohhonig, Bio Honig, Manuka Honig und nat\u00fcrliche Bienenprodukte. PureHiveHoney hilft Ihnen dabei, sorgf\u00e4ltig ausgew\u00e4hlte Honigsorten mit nat\u00fcrlicher Qualit\u00e4t und Reinheit zu entdecken.\" \/>\n<meta property=\"og:url\" content=\"https:\/\/purehivehoney.com\/de\/product\/honey-dispenser-glass-syrup-dispenser-honey-jars-drip-free-honey-container-commercial-quality-honey-pot-with-handle-for-home-kitchen-honey-and-syrup-pack-of-2\/\" \/>\n<meta property=\"og:site_name\" content=\"PureHiveHoney\" \/>\n<meta property=\"article:modified_time\" content=\"2026-03-16T07:18:40+00:00\" \/>\n<meta name=\"twitter:card\" content=\"summary_large_image\" \/>\n<meta name=\"twitter:label1\" content=\"Gesch\u00e4tzte Lesezeit\" \/>\n\t<meta name=\"twitter:data1\" content=\"2\u00a0Minuten\" \/>\n<script type=\"application\/ld+json\" class=\"yoast-schema-graph\">{\"@context\":\"https:\\\/\\\/schema.org\",\"@graph\":[{\"@type\":\"WebPage\",\"@id\":\"https:\\\/\\\/purehivehoney.com\\\/de\\\/product\\\/honey-dispenser-glass-syrup-dispenser-honey-jars-drip-free-honey-container-commercial-quality-honey-pot-with-handle-for-home-kitchen-honey-and-syrup-pack-of-2\\\/\",\"url\":\"https:\\\/\\\/purehivehoney.com\\\/de\\\/product\\\/honey-dispenser-glass-syrup-dispenser-honey-jars-drip-free-honey-container-commercial-quality-honey-pot-with-handle-for-home-kitchen-honey-and-syrup-pack-of-2\\\/\",\"name\":\"Honey Dispenser, Glass Syrup Dispenser, Honey Jars Drip Free Honey Container, Commercial Quality Honey Pot with Handle, for Home, Kitchen, Honey and Syrup, Pack of 2 - PureHiveHoney\",\"isPartOf\":{\"@id\":\"https:\\\/\\\/purehivehoney.com\\\/de\\\/#website\"},\"primaryImageOfPage\":{\"@id\":\"https:\\\/\\\/purehivehoney.com\\\/de\\\/product\\\/honey-dispenser-glass-syrup-dispenser-honey-jars-drip-free-honey-container-commercial-quality-honey-pot-with-handle-for-home-kitchen-honey-and-syrup-pack-of-2\\\/#primaryimage\"},\"image\":{\"@id\":\"https:\\\/\\\/purehivehoney.com\\\/de\\\/product\\\/honey-dispenser-glass-syrup-dispenser-honey-jars-drip-free-honey-container-commercial-quality-honey-pot-with-handle-for-home-kitchen-honey-and-syrup-pack-of-2\\\/#primaryimage\"},\"thumbnailUrl\":\"https:\\\/\\\/purehivehoney.com\\\/de\\\/wp-content\\\/uploads\\\/2026\\\/03\\\/71db1gTQnpL._AC_SL1500_.jpg\",\"datePublished\":\"2026-03-16T07:18:24+00:00\",\"dateModified\":\"2026-03-16T07:18:40+00:00\",\"description\":\"Entdecken Sie hochwertigen Rohhonig, Bio Honig, Manuka Honig und nat\u00fcrliche Bienenprodukte. PureHiveHoney hilft Ihnen dabei, sorgf\u00e4ltig ausgew\u00e4hlte Honigsorten mit nat\u00fcrlicher Qualit\u00e4t und Reinheit zu entdecken.\",\"breadcrumb\":{\"@id\":\"https:\\\/\\\/purehivehoney.com\\\/de\\\/product\\\/honey-dispenser-glass-syrup-dispenser-honey-jars-drip-free-honey-container-commercial-quality-honey-pot-with-handle-for-home-kitchen-honey-and-syrup-pack-of-2\\\/#breadcrumb\"},\"inLanguage\":\"de\",\"potentialAction\":[{\"@type\":\"ReadAction\",\"target\":[\"https:\\\/\\\/purehivehoney.com\\\/de\\\/product\\\/honey-dispenser-glass-syrup-dispenser-honey-jars-drip-free-honey-container-commercial-quality-honey-pot-with-handle-for-home-kitchen-honey-and-syrup-pack-of-2\\\/\"]}]},{\"@type\":\"ImageObject\",\"inLanguage\":\"de\",\"@id\":\"https:\\\/\\\/purehivehoney.com\\\/de\\\/product\\\/honey-dispenser-glass-syrup-dispenser-honey-jars-drip-free-honey-container-commercial-quality-honey-pot-with-handle-for-home-kitchen-honey-and-syrup-pack-of-2\\\/#primaryimage\",\"url\":\"https:\\\/\\\/purehivehoney.com\\\/de\\\/wp-content\\\/uploads\\\/2026\\\/03\\\/71db1gTQnpL._AC_SL1500_.jpg\",\"contentUrl\":\"https:\\\/\\\/purehivehoney.com\\\/de\\\/wp-content\\\/uploads\\\/2026\\\/03\\\/71db1gTQnpL._AC_SL1500_.jpg\",\"width\":1491,\"height\":1500},{\"@type\":\"BreadcrumbList\",\"@id\":\"https:\\\/\\\/purehivehoney.com\\\/de\\\/product\\\/honey-dispenser-glass-syrup-dispenser-honey-jars-drip-free-honey-container-commercial-quality-honey-pot-with-handle-for-home-kitchen-honey-and-syrup-pack-of-2\\\/#breadcrumb\",\"itemListElement\":[{\"@type\":\"ListItem\",\"position\":1,\"name\":\"Home\",\"item\":\"https:\\\/\\\/purehivehoney.com\\\/de\\\/\"},{\"@type\":\"ListItem\",\"position\":2,\"name\":\"Shop\",\"item\":\"https:\\\/\\\/purehivehoney.com\\\/de\\\/shop\\\/\"},{\"@type\":\"ListItem\",\"position\":3,\"name\":\"Honey Dispenser, Glass Syrup Dispen...\"}]},{\"@type\":\"WebSite\",\"@id\":\"https:\\\/\\\/purehivehoney.com\\\/de\\\/#website\",\"url\":\"https:\\\/\\\/purehivehoney.com\\\/de\\\/\",\"name\":\"PureHiveHoney\",\"description\":\"Reiner Honig &amp; Bienenprodukte Online | Rohhonig, Bio Honig &amp; Spezialhonig\",\"publisher\":{\"@id\":\"https:\\\/\\\/purehivehoney.com\\\/de\\\/#organization\"},\"potentialAction\":[{\"@type\":\"SearchAction\",\"target\":{\"@type\":\"EntryPoint\",\"urlTemplate\":\"https:\\\/\\\/purehivehoney.com\\\/de\\\/?s={search_term_string}\"},\"query-input\":{\"@type\":\"PropertyValueSpecification\",\"valueRequired\":true,\"valueName\":\"search_term_string\"}}],\"inLanguage\":\"de\"},{\"@type\":\"Organization\",\"@id\":\"https:\\\/\\\/purehivehoney.com\\\/de\\\/#organization\",\"name\":\"PureHiveHoney\",\"url\":\"https:\\\/\\\/purehivehoney.com\\\/de\\\/\",\"logo\":{\"@type\":\"ImageObject\",\"inLanguage\":\"de\",\"@id\":\"https:\\\/\\\/purehivehoney.com\\\/de\\\/#\\\/schema\\\/logo\\\/image\\\/\",\"url\":\"https:\\\/\\\/purehivehoney.com\\\/de\\\/wp-content\\\/uploads\\\/2026\\\/03\\\/Screenshot-2026-03-16-at-1.06.01-AM.png\",\"contentUrl\":\"https:\\\/\\\/purehivehoney.com\\\/de\\\/wp-content\\\/uploads\\\/2026\\\/03\\\/Screenshot-2026-03-16-at-1.06.01-AM.png\",\"width\":2112,\"height\":1086,\"caption\":\"PureHiveHoney\"},\"image\":{\"@id\":\"https:\\\/\\\/purehivehoney.com\\\/de\\\/#\\\/schema\\\/logo\\\/image\\\/\"}}]}<\/script>\n<!-- \/ Yoast SEO plugin. -->","yoast_head_json":{"title":"Honey Dispenser, Glass Syrup Dispenser, Honey Jars Drip Free Honey Container, Commercial Quality Honey Pot with Handle, for Home, Kitchen, Honey and Syrup, Pack of 2 - PureHiveHoney","description":"Entdecken Sie hochwertigen Rohhonig, Bio Honig, Manuka Honig und nat\u00fcrliche Bienenprodukte. PureHiveHoney hilft Ihnen dabei, sorgf\u00e4ltig ausgew\u00e4hlte Honigsorten mit nat\u00fcrlicher Qualit\u00e4t und Reinheit zu entdecken.","robots":{"index":"index","follow":"follow","max-snippet":"max-snippet:-1","max-image-preview":"max-image-preview:large","max-video-preview":"max-video-preview:-1"},"canonical":"https:\/\/purehivehoney.com\/de\/product\/honey-dispenser-glass-syrup-dispenser-honey-jars-drip-free-honey-container-commercial-quality-honey-pot-with-handle-for-home-kitchen-honey-and-syrup-pack-of-2\/","og_locale":"de_DE","og_type":"article","og_title":"Honey Dispenser, Glass Syrup Dispenser, Honey Jars Drip Free Honey Container, Commercial Quality Honey Pot with Handle, for Home, Kitchen, Honey and Syrup, Pack of 2 - PureHiveHoney","og_description":"Entdecken Sie hochwertigen Rohhonig, Bio Honig, Manuka Honig und nat\u00fcrliche Bienenprodukte. PureHiveHoney hilft Ihnen dabei, sorgf\u00e4ltig ausgew\u00e4hlte Honigsorten mit nat\u00fcrlicher Qualit\u00e4t und Reinheit zu entdecken.","og_url":"https:\/\/purehivehoney.com\/de\/product\/honey-dispenser-glass-syrup-dispenser-honey-jars-drip-free-honey-container-commercial-quality-honey-pot-with-handle-for-home-kitchen-honey-and-syrup-pack-of-2\/","og_site_name":"PureHiveHoney","article_modified_time":"2026-03-16T07:18:40+00:00","twitter_card":"summary_large_image","twitter_misc":{"Gesch\u00e4tzte Lesezeit":"2\u00a0Minuten"},"schema":{"@context":"https:\/\/schema.org","@graph":[{"@type":"WebPage","@id":"https:\/\/purehivehoney.com\/de\/product\/honey-dispenser-glass-syrup-dispenser-honey-jars-drip-free-honey-container-commercial-quality-honey-pot-with-handle-for-home-kitchen-honey-and-syrup-pack-of-2\/","url":"https:\/\/purehivehoney.com\/de\/product\/honey-dispenser-glass-syrup-dispenser-honey-jars-drip-free-honey-container-commercial-quality-honey-pot-with-handle-for-home-kitchen-honey-and-syrup-pack-of-2\/","name":"Honey Dispenser, Glass Syrup Dispenser, Honey Jars Drip Free Honey Container, Commercial Quality Honey Pot with Handle, for Home, Kitchen, Honey and Syrup, Pack of 2 - PureHiveHoney","isPartOf":{"@id":"https:\/\/purehivehoney.com\/de\/#website"},"primaryImageOfPage":{"@id":"https:\/\/purehivehoney.com\/de\/product\/honey-dispenser-glass-syrup-dispenser-honey-jars-drip-free-honey-container-commercial-quality-honey-pot-with-handle-for-home-kitchen-honey-and-syrup-pack-of-2\/#primaryimage"},"image":{"@id":"https:\/\/purehivehoney.com\/de\/product\/honey-dispenser-glass-syrup-dispenser-honey-jars-drip-free-honey-container-commercial-quality-honey-pot-with-handle-for-home-kitchen-honey-and-syrup-pack-of-2\/#primaryimage"},"thumbnailUrl":"https:\/\/purehivehoney.com\/de\/wp-content\/uploads\/2026\/03\/71db1gTQnpL._AC_SL1500_.jpg","datePublished":"2026-03-16T07:18:24+00:00","dateModified":"2026-03-16T07:18:40+00:00","description":"Entdecken Sie hochwertigen Rohhonig, Bio Honig, Manuka Honig und nat\u00fcrliche Bienenprodukte. PureHiveHoney hilft Ihnen dabei, sorgf\u00e4ltig ausgew\u00e4hlte Honigsorten mit nat\u00fcrlicher Qualit\u00e4t und Reinheit zu entdecken.","breadcrumb":{"@id":"https:\/\/purehivehoney.com\/de\/product\/honey-dispenser-glass-syrup-dispenser-honey-jars-drip-free-honey-container-commercial-quality-honey-pot-with-handle-for-home-kitchen-honey-and-syrup-pack-of-2\/#breadcrumb"},"inLanguage":"de","potentialAction":[{"@type":"ReadAction","target":["https:\/\/purehivehoney.com\/de\/product\/honey-dispenser-glass-syrup-dispenser-honey-jars-drip-free-honey-container-commercial-quality-honey-pot-with-handle-for-home-kitchen-honey-and-syrup-pack-of-2\/"]}]},{"@type":"ImageObject","inLanguage":"de","@id":"https:\/\/purehivehoney.com\/de\/product\/honey-dispenser-glass-syrup-dispenser-honey-jars-drip-free-honey-container-commercial-quality-honey-pot-with-handle-for-home-kitchen-honey-and-syrup-pack-of-2\/#primaryimage","url":"https:\/\/purehivehoney.com\/de\/wp-content\/uploads\/2026\/03\/71db1gTQnpL._AC_SL1500_.jpg","contentUrl":"https:\/\/purehivehoney.com\/de\/wp-content\/uploads\/2026\/03\/71db1gTQnpL._AC_SL1500_.jpg","width":1491,"height":1500},{"@type":"BreadcrumbList","@id":"https:\/\/purehivehoney.com\/de\/product\/honey-dispenser-glass-syrup-dispenser-honey-jars-drip-free-honey-container-commercial-quality-honey-pot-with-handle-for-home-kitchen-honey-and-syrup-pack-of-2\/#breadcrumb","itemListElement":[{"@type":"ListItem","position":1,"name":"Home","item":"https:\/\/purehivehoney.com\/de\/"},{"@type":"ListItem","position":2,"name":"Shop","item":"https:\/\/purehivehoney.com\/de\/shop\/"},{"@type":"ListItem","position":3,"name":"Honey Dispenser, Glass Syrup Dispen..."}]},{"@type":"WebSite","@id":"https:\/\/purehivehoney.com\/de\/#website","url":"https:\/\/purehivehoney.com\/de\/","name":"PureHiveHoney","description":"Reiner Honig &amp; Bienenprodukte Online | Rohhonig, Bio Honig &amp; Spezialhonig","publisher":{"@id":"https:\/\/purehivehoney.com\/de\/#organization"},"potentialAction":[{"@type":"SearchAction","target":{"@type":"EntryPoint","urlTemplate":"https:\/\/purehivehoney.com\/de\/?s={search_term_string}"},"query-input":{"@type":"PropertyValueSpecification","valueRequired":true,"valueName":"search_term_string"}}],"inLanguage":"de"},{"@type":"Organization","@id":"https:\/\/purehivehoney.com\/de\/#organization","name":"PureHiveHoney","url":"https:\/\/purehivehoney.com\/de\/","logo":{"@type":"ImageObject","inLanguage":"de","@id":"https:\/\/purehivehoney.com\/de\/#\/schema\/logo\/image\/","url":"https:\/\/purehivehoney.com\/de\/wp-content\/uploads\/2026\/03\/Screenshot-2026-03-16-at-1.06.01-AM.png","contentUrl":"https:\/\/purehivehoney.com\/de\/wp-content\/uploads\/2026\/03\/Screenshot-2026-03-16-at-1.06.01-AM.png","width":2112,"height":1086,"caption":"PureHiveHoney"},"image":{"@id":"https:\/\/purehivehoney.com\/de\/#\/schema\/logo\/image\/"}}]}},"_links":{"self":[{"href":"https:\/\/purehivehoney.com\/de\/wp-json\/wp\/v2\/product\/1012","targetHints":{"allow":["GET"]}}],"collection":[{"href":"https:\/\/purehivehoney.com\/de\/wp-json\/wp\/v2\/product"}],"about":[{"href":"https:\/\/purehivehoney.com\/de\/wp-json\/wp\/v2\/types\/product"}],"replies":[{"embeddable":true,"href":"https:\/\/purehivehoney.com\/de\/wp-json\/wp\/v2\/comments?post=1012"}],"wp:featuredmedia":[{"embeddable":true,"href":"https:\/\/purehivehoney.com\/de\/wp-json\/wp\/v2\/media\/1013"}],"wp:attachment":[{"href":"https:\/\/purehivehoney.com\/de\/wp-json\/wp\/v2\/media?parent=1012"}],"wp:term":[{"taxonomy":"store","embeddable":true,"href":"https:\/\/purehivehoney.com\/de\/wp-json\/wp\/v2\/store?post=1012"},{"taxonomy":"product_brand","embeddable":true,"href":"https:\/\/purehivehoney.com\/de\/wp-json\/wp\/v2\/product_brand?post=1012"},{"taxonomy":"product_cat","embeddable":true,"href":"https:\/\/purehivehoney.com\/de\/wp-json\/wp\/v2\/product_cat?post=1012"},{"taxonomy":"product_tag","embeddable":true,"href":"https:\/\/purehivehoney.com\/de\/wp-json\/wp\/v2\/product_tag?post=1012"}],"curies":[{"name":"wp","href":"https:\/\/api.w.org\/{rel}","templated":true}]}}